{"id":9,"date":"2013-06-13T09:23:10","date_gmt":"2013-06-13T09:23:10","guid":{"rendered":"http:\/\/squash-steiermark.org\/?page_id=9"},"modified":"2020-08-11T19:00:16","modified_gmt":"2020-08-11T17:00:16","slug":"squashregeln-langversion","status":"publish","type":"page","link":"https:\/\/www.squash-steiermark.org\/?page_id=9","title":{"rendered":"Regeln lang"},"content":{"rendered":"<p>Die Squashregeln sind die Grundlage f\u00fcr faire Spiele und stellen die Basis f\u00fcr Wettk\u00e4mpfe dar. Alle Spieler sollten \u00fcber die Grundregeln Bescheid wissen. Diese Regel\u00fcbersicht wurde vom\u00a0<a title=\"\u00d6SRV - Dachverband der \u00f6sterreichischen Squashvereine\" href=\"http:\/\/www.squash.or.at\/fileadmin\/content\/2013\/Downloads\/WSF_Squash_Einzel_Regeln_Wachter_Rev4.pdf\">\u00d6SRV<\/a>, \u00d6sterreichischer Squash Rackets Verband, bereitgestellt und kann unter\u00a0<a title=\"Downloads Formulare\" href=\"http:\/\/www.squash.or.at\/fileadmin\/content\/2013\/Downloads\/WSF_Squash_Einzel_Regeln_Wachter_Rev4.pdf\">Download<\/a>\u00a0heruntergeladen werden.<\/p>\n","protected":false},"excerpt":{"rendered":"<p>Die Squashregeln sind die Grundlage f\u00fcr faire Spiele und stellen die Basis f\u00fcr Wettk\u00e4mpfe dar. Alle Spieler sollten \u00fcber die Grundregeln Bescheid wissen. Diese Regel\u00fcbersicht wurde vom\u00a0\u00d6SRV, \u00d6sterreichischer Squash Rackets Verband, bereitgestellt und kann unter\u00a0Download\u00a0heruntergeladen werden.<\/p>\n","protected":false},"author":1,"featured_media":0,"parent":7,"menu_order":0,"comment_status":"closed","ping_status":"closed","template":"","meta":[],"_links":{"self":[{"href":"https:\/\/www.squash-steiermark.org\/index.php?rest_route=\/wp\/v2\/pages\/9"}],"collection":[{"href":"https:\/\/www.squash-steiermark.org\/index.php?rest_route=\/wp\/v2\/pages"}],"about":[{"href":"https:\/\/www.squash-steiermark.org\/index.php?rest_route=\/wp\/v2\/types\/page"}],"author":[{"embeddable":true,"href":"https:\/\/www.squash-steiermark.org\/index.php?rest_route=\/wp\/v2\/users\/1"}],"replies":[{"embeddable":true,"href":"https:\/\/www.squash-steiermark.org\/index.php?rest_route=%2Fwp%2Fv2%2Fcomments&post=9"}],"version-history":[{"count":5,"href":"https:\/\/www.squash-steiermark.org\/index.php?rest_route=\/wp\/v2\/pages\/9\/revisions"}],"predecessor-version":[{"id":6781,"href":"https:\/\/www.squash-steiermark.org\/index.php?rest_route=\/wp\/v2\/pages\/9\/revisions\/6781"}],"up":[{"embeddable":true,"href":"https:\/\/www.squash-steiermark.org\/index.php?rest_route=\/wp\/v2\/pages\/7"}],"wp:attachment":[{"href":"https:\/\/www.squash-steiermark.org\/index.php?rest_route=%2Fwp%2Fv2%2Fmedia&parent=9"}],"curies":[{"name":"wp","href":"https:\/\/api.w.org\/{rel}","templated":true}]}}