{"id":854,"date":"2013-09-23T08:01:20","date_gmt":"2013-09-23T07:01:20","guid":{"rendered":"http:\/\/squash-steiermark.org\/?page_id=854"},"modified":"2013-09-23T08:06:21","modified_gmt":"2013-09-23T07:06:21","slug":"bl-201213","status":"publish","type":"page","link":"https:\/\/www.squash-steiermark.org\/?page_id=854","title":{"rendered":"BL  Herren 2012\/13"},"content":{"rendered":"<hr>\n<p align=\"justify\">Auch heuer werden wir wieder mit einer Mannschaft in der Bundesliga vertreten sein.\u00a0\u00a0Dank\u00a0der finanziellen Unterst\u00fctzung von\u00a0Energie Steiermark und Kessler &amp; Partner GmbH, sowie grossartiger F\u00f6rderungen der Sport Union, des Landes Steiermark und der Stadt Graz.<\/p>\n<p><em id=\"__mceDel\"><br \/>\nKader:<br \/>\n1. Martin Mosnik (SLO)<br \/>\n2. Gerhard Schedlbauer<br \/>\n3. Andrej Robnik (SLO)<br \/>\n4. Rehan van der Merwe<br \/>\n5. Bernard Wagner-Petschauer<br \/>\n6. Andreas Kainz<br \/>\n7. Gabor Tasnadi (HUN)<br \/>\n8. Zoran Repija (SLO)<br \/>\n9. Robert Schukoff<\/em><\/p>\n<p align=\"justify\">Als Legion\u00e4r wird Martin Mosnik das Team anf\u00fchren. Die slowenische Nr. 1 aus Ljubljana wird mit seiner Laufarbeit beeindrucken und seine neu erworbenen\u00a0Skills aus seiner Trainingszeit in England gut einsetzen k\u00f6nnen. Gerhard Schedlbauer kehrt nach einer kurzen Auszeit, die er sich f\u00fcr Familie und Karriere genommen hat, wieder zur\u00fcck.\u00a0Als ehemaliger Staatsmeister ist Gerhard f\u00fcr uns ein Schl\u00fcsselspieler, der wichtige Siege einfahren soll. Andrej Robnik ist die aktuelle Nr.4 in\u00a0Slowenien. Der Mann aus Maribor hat\u00a0die verantwortungsvolle Aufgabe,\u00a0uns die n\u00f6tige Best\u00e4ndigkeit in\u00a0den hinteren Reihen zu sichern. An 4.Position in unserem Team\u00a0will sich der ehemalige Jugendnationalteam-Trainer Rehan van der Merwe wieder fit zeigen. Obwohl er sich mittlerweile nicht mehr Vollzeit dem Squash widmet, m\u00f6chte er doch\u00a0an die\u00a0Leistung anschlie\u00dfen, die ihn 2010 ins Nationalteam katapultierte. Nach einer wesentlichen Leistungssteigerung \u00fcber die Sommermonate\u00a0k\u00f6nnen die ehrgeizigen  Bundesliga-Neulinge, Bernard Wagner-Petschauer und Andreas Kainz,\u00a0ihren Einsatz in der obersten \u00f6sterreichischen Liga kaum erwarten. Sie haben in den letzten 6 Monaten riesige Spr\u00fcnge in der \u00f6sterreichischen Rangliste gemacht und planen, diese Tendenz fortzusetzen. Komplettiert wird unser Bundesligateam von Gabor Tasnadi (HUN), Zoran Repija (SLO)\u00a0und Robert Schukoff, die auch auf jahrelange Liga-Erfahrung zur\u00fcckblicken k\u00f6nnen. Bereits jetzt sollte man sich die Heimrunde des USC 2000 vormerken, welche am 7. und 8.Dezember 2012 im Sporthotel Players in Graz stattfinden wird.\u00a0 Wir z\u00e4hlen auf zahlreiche Unterst\u00fctzung, um unser Team zu H\u00f6chstleistungen pushen zu k\u00f6nnen!<\/p>\n","protected":false},"excerpt":{"rendered":"<p>Auch heuer werden wir wieder mit einer Mannschaft in der Bundesliga vertreten sein.\u00a0\u00a0Dank\u00a0der finanziellen Unterst\u00fctzung von\u00a0Energie Steiermark und Kessler &amp; Partner GmbH, sowie grossartiger F\u00f6rderungen der Sport Union, des Landes Steiermark und der Stadt Graz. Kader: 1. Martin Mosnik (SLO) &hellip;<\/p>\n<p class=\"read-more\"> <a class=\"more-link\" href=\"https:\/\/www.squash-steiermark.org\/?page_id=854\"> <span class=\"screen-reader-text\">BL  Herren 2012\/13<\/span> Read More &raquo;<\/a><\/p>\n","protected":false},"author":1,"featured_media":0,"parent":119,"menu_order":50,"comment_status":"closed","ping_status":"open","template":"","meta":[],"_links":{"self":[{"href":"https:\/\/www.squash-steiermark.org\/index.php?rest_route=\/wp\/v2\/pages\/854"}],"collection":[{"href":"https:\/\/www.squash-steiermark.org\/index.php?rest_route=\/wp\/v2\/pages"}],"about":[{"href":"https:\/\/www.squash-steiermark.org\/index.php?rest_route=\/wp\/v2\/types\/page"}],"author":[{"embeddable":true,"href":"https:\/\/www.squash-steiermark.org\/index.php?rest_route=\/wp\/v2\/users\/1"}],"replies":[{"embeddable":true,"href":"https:\/\/www.squash-steiermark.org\/index.php?rest_route=%2Fwp%2Fv2%2Fcomments&post=854"}],"version-history":[{"count":6,"href":"https:\/\/www.squash-steiermark.org\/index.php?rest_route=\/wp\/v2\/pages\/854\/revisions"}],"predecessor-version":[{"id":861,"href":"https:\/\/www.squash-steiermark.org\/index.php?rest_route=\/wp\/v2\/pages\/854\/revisions\/861"}],"up":[{"embeddable":true,"href":"https:\/\/www.squash-steiermark.org\/index.php?rest_route=\/wp\/v2\/pages\/119"}],"wp:attachment":[{"href":"https:\/\/www.squash-steiermark.org\/index.php?rest_route=%2Fwp%2Fv2%2Fmedia&parent=854"}],"curies":[{"name":"wp","href":"https:\/\/api.w.org\/{rel}","templated":true}]}}