{"id":81,"date":"2013-06-16T20:08:38","date_gmt":"2013-06-16T20:08:38","guid":{"rendered":"http:\/\/squash-steiermark.org\/?page_id=81"},"modified":"2020-08-06T15:26:36","modified_gmt":"2020-08-06T13:26:36","slug":"landesmeisterschaften","status":"publish","type":"page","link":"https:\/\/www.squash-steiermark.org\/?page_id=81","title":{"rendered":"Landesmeisterschaften Archiv"},"content":{"rendered":"<p>\u00dcbersicht steirische Landesmeister Einzel ab 2003:<\/p>\n<ul>\n<li><a href=\"#St. Landesmeisterschaft 2016\">Landesmeisterschaft 2016, Einzel<\/a><\/li>\n<li><a href=\"#St. Landesmeisterschaft 2015\">Landesmeisterschaft 2015, Einzel<\/a><\/li>\n<li><a href=\"#St. Landesmeisterschaft 2014\">Landesmeisterschaft 2014, Einzel<\/a><\/li>\n<li><a href=\"#St. Landesmeisterschaft 2013\">Landesmeisterschaft 2013, Einzel<\/a><\/li>\n<li><a href=\"#St. Landesmeisterschaft 2012\">Landesmeisterschaft 2012, Einzel<\/a><\/li>\n<li><a href=\"#St. Landesmeisterschaft 2011\">Landesmeisterschaft 2011, Einzel<\/a><\/li>\n<li><a href=\"#St. Landesmeisterschaft 2010\">Landesmeisterschaft 2010, Einzel<\/a><\/li>\n<li><a href=\"http:\/\/stsrv.tomscs.at\/lm2009.htm\">Landesmeisterschaft 2009, Einzel<\/a><\/li>\n<li><a href=\"http:\/\/stsrv.tomscs.at\/lm2008.htm\">Landesmeisterschaft 2008, Einzel<\/a><\/li>\n<li><a href=\"http:\/\/stsrv.tomscs.at\/lm2007.htm\">Landesmeisterschaft 2007, Einzel<\/a><\/li>\n<li><a href=\"http:\/\/stsrv.tomscs.at\/lm2006.htm\">Landesmeisterschaft 2006, Einzel<\/a><\/li>\n<li><a href=\"http:\/\/stsrv.tomscs.at\/lm2005.htm\">Landesmeisterschaft 2005, Einzel<\/a><\/li>\n<li><a href=\"http:\/\/stsrv.tomscs.at\/lm2004.htm\">Landesmeisterschaft 2004, Einzel<\/a><\/li>\n<li><a href=\"http:\/\/stsrv.tomscs.at\/lm2003.htm\">Landesmeisterschaft 2003, Einzel<\/a><\/li>\n<\/ul>\n<hr>\n<p><a name=\"St. Landesmeisterschaft 2016\"><\/a><\/p>\n<h3>Steirische Landesmeisterschaft 2016<\/h3>\n<p><a href=\"#scroll-top\"><em>nach oben<\/em><\/a><br \/>\nHier geht es zum <a href=\"https:\/\/www.squash-steiermark.org\/?p=3919\">Bericht<\/a> und ein paar Bildern und hier zum <a href=\"#2016_St_LM_Finale\">Finale<\/a>.<br \/>\n<iframe loading=\"lazy\" width=\"100%\" height=\"600\" frameborder=\"0\" src=\"https:\/\/docs.google.com\/spreadsheets\/d\/1MVbYw8ZZgkJvVUGAZp5SZs0lb0o3aHOxDnE1wkzz6yo\/pubhtml?gid=765660063&amp;single=true&amp;widget=true&amp;headers=false\"><\/iframe><\/p>\n<hr>\n<p><a name=\"2016_St_LM_Finale\"><\/a><br \/>\n<iframe loading=\"lazy\" width=\"560\" height=\"315\" src=\"https:\/\/www.youtube.com\/embed\/Ys8Mgz1VSI4\" frameborder=\"0\" allowfullscreen=\"\"><\/iframe><br \/>\n<iframe loading=\"lazy\" width=\"560\" height=\"315\" src=\"https:\/\/www.youtube.com\/embed\/ZEnxYZMU5-I\" frameborder=\"0\" allowfullscreen=\"\"><\/iframe><br \/>\n<iframe loading=\"lazy\" width=\"560\" height=\"315\" src=\"https:\/\/www.youtube.com\/embed\/BAfzxcPR22I\" frameborder=\"0\" allowfullscreen=\"\"><\/iframe><\/p>\n<hr>\n<p><a name=\"St. Landesmeisterschaft 2015\"><\/a><\/p>\n<h3>Steirische Landesmeisterschaft 2015<\/h3>\n<p><a href=\"#scroll-top\"><em>nach oben<\/em><\/a><br \/>\nHier geht es zum <a href=\"https:\/\/www.squash-steiermark.org\/?p=2562\" title=\"Squash LM 2015\">Bericht<\/a> und ein paar Bildern.<br \/>\n<iframe loading=\"lazy\" width=\"100%\" height=\"600\" frameborder=\"0\" src=\"https:\/\/docs.google.com\/spreadsheet\/pub?key=0AkSsBTbKUya-dGs1Z3RvQU9MdGxVbmctMnVOUzdqbFE&amp;single=true&amp;gid=2&amp;output=html&amp;widget=true\"><\/iframe><\/p>\n<hr>\n<p><a name=\"Spielplan Landesmeisterschaft 2015\"><\/a><\/p>\n<h3>Steirische Landesmeisterschaft 2015 &#8211; Spielplan<\/h3>\n<p><a href=\"#scroll-top\"><em>nach oben<\/em><\/a><br \/>\n<iframe loading=\"lazy\" width=\"100%\" height=\"450\" frameborder=\"0\" src=\"https:\/\/docs.google.com\/spreadsheet\/pub?key=0AkSsBTbKUya-dGs1Z3RvQU9MdGxVbmctMnVOUzdqbFE&amp;single=true&amp;gid=0&amp;output=html&amp;widget=true\"><\/iframe><\/p>\n<hr>\n<hr>\n<p><a name=\"St. Landesmeisterschaft 2014\"><\/a><\/p>\n<h3>Steirische Landesmeisterschaft 2014<\/h3>\n<p><a href=\"#scroll-top\"><em>nach oben<\/em><\/a><br \/>\nHier geht es zum <a title=\"Squash Steirische Landesmeisterschaft 2014\" href=\"https:\/\/www.squash-steiermark.org\/?p=1472\">Bericht<\/a> (Fotos). Der Raster als <a href=\"https:\/\/www.squash-steiermark.org\/wp-content\/uploads\/2013\/06\/Raster-Landesmeisterschaft-2014.pdf\">pdf<\/a>. Der Spielplan als <a href=\"https:\/\/www.squash-steiermark.org\/wp-content\/uploads\/2013\/06\/Spielplan-2014-Zeitplan.pdf\">pdf<\/a>.<\/p>\n<p><iframe loading=\"lazy\" src=\"https:\/\/docs.google.com\/spreadsheet\/pub?key=0AkSsBTbKUya-dGQxS2gxbmJmNnl1bW9zVnB5U293ZGc&amp;single=true&amp;gid=0&amp;output=html&amp;widget=true\" width=\"100%\" height=\"600\" frameborder=\"0\"><\/iframe><\/p>\n<hr>\n<p><a name=\"Spielplan Landesmeisterschaft 2014\"><\/a><\/p>\n<h3>Steirische Landesmeisterschaft 2014 &#8211; Spielplan<\/h3>\n<p><a href=\"#scroll-top\"><em>nach oben<\/em><\/a><br \/>\n<iframe loading=\"lazy\" src=\"https:\/\/docs.google.com\/spreadsheet\/pub?key=0AlIkZhVB8jAodFZ5YVpaaHh5emdzQlNBYmtDR0V4T2c&amp;output=html&amp;widget=true\" width=\"100%\" height=\"600\" frameborder=\"0\"><\/iframe><\/p>\n<hr>\n<hr>\n<p><a name=\"St. Landesmeisterschaft 2013\"><\/a><\/p>\n<h3>Steirische Landesmeisterschaft 2013<\/h3>\n<p><a href=\"#scroll-top\"><em>nach oben<\/em><\/a><\/p>\n<p align=\"justify\">Die neuen Landesmeister hei\u00dfen <strong>Dawn Foxhall<\/strong> und <strong>Rehan van der Merve<\/strong>! Dawn konnte sich bei den Damen, die Ihre Spiele in einer 5er-Gruppe austrugen, mit 4 Siegen eindrucksvoll den zweiten Titel nach 2012 holen. Der 2. Platz dagegen war hei\u00df umk\u00e4mpft und im Geschwisterduell konnte sich dieses Jahr Theresa Krassnigg gegen Judith Gradnitzer mit 3:1 durchsetzen. Damit belegten alle 3 Podestpl\u00e4tze die Spielerinnen des USC 2000 Graz.<\/p>\n<p><img loading=\"lazy\" src=\"https:\/\/www.squash-steiermark.org\/wp-content\/uploads\/2013\/08\/LM_Damen2013.jpg\" alt=\"LM 2013 Damen\" width=\"640px\" height=\"480px\"><\/p>\n<p align=\"justify\">Bei den Herren kam es bereits in den Ausscheidungsrunden zu packenden Begegnungen. Besonders Markus Waldner hatten es 5-Satz Partien angetan: Nach einem 19:17 Sieg gegen Gregor Andrekowitsch im 5. Satz konnte er auch gegen Othmar Ruprecht im 5. Satz mit 15:13 siegen. Markus erreichte damit den 10. Platz. In die Halbfinalspiele zogen Gabor Tasnadi, Bernard Wagner-Petschauer, Zoran Repija und Rehan van der Merwe ein. Gabor konnte in einer spannenden Partie den leicht favorisierten Bernard 3:1 besiegen und Zoran musste sich Rehan ebenfalls mit 1:3 geschlagen geben. Im Spiel um Platz 3 konnte Zoran gegen Bernard dann zwar mit 2:0 in F\u00fchrung gehen, musste das Spiel aber noch mit 3:2 abgeben. Nach einigen Podestpl\u00e4tzen in den letzten Jahren mu\u00dfte er sich diesmal mit Rang 4 zufrieden geben. Im Finale kam es dann zur Begegnung der st\u00e4rksten Spieler dieses Tages: Gabor konnte den 3. Satz gewinnen und auf 1:2 aufholen, aber dem druckvollen, schnellen Spiel von Rehan konnte er diesmal nicht standhalten. Rehan gewann das Spiel mit 3:1 und sicherte sich den Landesmeistertitel 2013!<\/p>\n<p><img loading=\"lazy\" src=\"https:\/\/www.squash-steiermark.org\/wp-content\/uploads\/2013\/08\/LM_Herren2013.jpg\" alt=\"LM 2013 Herren\" width=\"640px\" height=\"480px\"><\/p>\n<p>Details hier:<\/p>\n<p><a title=\"Damen Raster 2013 - Ergebnisraster\" href=\"https:\/\/www.squash-steiermark.org\/wp-content\/uploads\/2013\/08\/LM2013_DamenRaster.pdf\" target=\"blank\" rel=\"noopener noreferrer\"> Damen Raster 2013 &#8211; Ergebnisse<\/a><\/p>\n<p><a title=\"Herren Raster 2013 - Ergebnisraster\" href=\"https:\/\/www.squash-steiermark.org\/wp-content\/uploads\/2013\/08\/LM2013_HerrenRaster.pdf\" target=\"blank\" rel=\"noopener noreferrer\"> Herren Raster 2013 &#8211; Ergebnisse<\/a><\/p>\n<p><a title=\"Ergebnisse 2013 - Einzelspiele\" href=\"https:\/\/www.squash-steiermark.org\/wp-content\/uploads\/2013\/08\/LM2013_Ergebnisse.pdf\" target=\"blank\" rel=\"noopener noreferrer\"> Ergebnisse 2013 &#8211; Einzelspiele<\/a><\/p>\n<p>Fotos gibt es hier anzusehen: <a title=\"Fotos LM 2013\" href=\"https:\/\/www.facebook.com\/media\/set\/?set=a.403394289745651.95310.129818693769880&amp;type=1\"> Fotos Landesmeisterschaft 2013 (-auf Facebook)<\/a><\/p>\n<hr>\n<p><a name=\"St. Landesmeisterschaft 2012\"><\/a><\/p>\n<h3>Steirische Landesmeisterschaft 2012<\/h3>\n<p><a href=\"#scroll-top\"><em>nach oben<\/em><\/a><\/p>\n<p><strong style=\"background-color: lime;\">Die neuen Landesmeister stehen fest!<\/strong><\/p>\n<p align=\"justify\">Bei den Herren konnte sich der Meister von 2009 seinen zweiten Titel sichern: Zoran Repija vom UWK Graz-MS Team konnte sich im Finale klar gegen Robert Schukoff vom USC 2000 mit 3:1 durchsetzen und holte sich vom Landesmeister der Jahre 2010 und 2011 den Titel zur\u00fcck.<\/p>\n<p><img loading=\"lazy\" src=\"https:\/\/www.squash-steiermark.org\/wp-content\/uploads\/2013\/08\/LM2012_Herren.jpg\" alt=\"Herren Landesmeister 2012\" width=\"320px\" height=\"240px\" align=\"middle\"><\/p>\n<p align=\"justify\">Der topgesetzte Rehan van der Merwe, der sich im Halbfinale gegen Zoran verletzt hatte und das Spiel mit 2:3 verlor, trat zum Spiel um Platz 3 nicht mehr an und so konnte ein weiterer UWK- Spieler einen Platz am Podest erreichen: Gabor Tasnadi vom Sportcafe Squashteam UWK belegte den 3. Platz.<\/p>\n<p align=\"justify\">Bei den Damen gab es einen Sieg f\u00fcr die Favoritin: Dawn Foxhall gewann alle ihre Spiele klar und die langj\u00e4hrige Spielerin des Sportcafe Squashteams UWK sicherte sich ihren ersten Landesmeistertitel im Finale gegen Judith Gradnitzer vom USC 2000 mit einem 3:1 Sieg. Den 3. Platz sicherte sich Seiner Birgit vom USC 2000.<\/p>\n<p><img loading=\"lazy\" src=\"https:\/\/www.squash-steiermark.org\/wp-content\/uploads\/2013\/08\/LM2012_Damen.jpg\" alt=\"Damen Landesmeister 2012\" width=\"320px\" height=\"240px\" align=\"middle\"><\/p>\n<p align=\"justify\">Die Landesmeisterschaften 2012 konnten mit einem so gro\u00dfen Starterfeld wie schon lange nicht mehr aufwarten. Wahrscheinlich m\u00fcsste man bis in die 80er Jahre zur\u00fcckgehen, um eine Teilnehmerzahl von 30 Spielern und 5 Spielerinnen finden zu k\u00f6nnen. Auf Grund der vielen Spieler wurde diese Landesmeisterschaft im Sporthotel Players ausgetragen, wo 4 Courts f\u00fcr eine reibungslose Austragung garantierten.<\/p>\n<p align=\"justify\">Die 5 Damen spielten jeweils gegeneinander und so ergab sich f\u00fcr die letzte Auseinandersetzung das Finale zwischen Judith Gradnitzer vom USC 2000 und Dawn Foxhall vom UWK, welche bis dato jede Partie gewinnen konnten. Nachdem Judith den ersten Satz knapp im Tiebreak gewinnen konnte, zog Dawn in den n\u00e4chsten S\u00e4tzen alle Register und entschied die Partie letztendlich souver\u00e4n mit 3-1 f\u00fcr sich. Neben Judith Gradnitzer schaffte es eine weitere USC 2000 Spielerin auf das Treppchen: Birgit Seiner spielte sehr gute Partien und holte damit verdient Bronze.<\/p>\n<p align=\"justify\">Bei den Herren ging Rehan van der Merwe als topgesetzter Spieler in das Turnier. Leider machte eine Verletzung im Semifinale die Titelhoffnungen des USC 2000 Spielers zunichte und er musste sich mit 2-3 gegen Zoran Repija geschlagen geben. Im anderen Halbfinale konnte der Titelverteidiger Robert Schukoff den Ungarn Gabor Tasnadi mit 3-1 besiegen und somit ins Finale einziehen. Damit konnte Robert auch Michael Haberl r\u00e4chen, da dieser bereits in Runde 2 auf Tasnadi traf und nach einer starken Vorstellung schlussendlich doch mit 2-3 gegen den Ungarn das Nachsehen hatte. Michael Haberl konnte aber daf\u00fcr die restlichen Partien gewinnen und wurde damit 9.ter, womit er ganz zufrieden sein konnte. F\u00fcr Gregor Andrekowitsch hingegen war an diesem Tag durch aus mehr drinnen, als schlussendlich seine 20.te Platzierung. Nach der Erstrundenniederlage gegen Daniel Schwarz konnte er sich zwar mit zwei Siegen rehabilitieren, musste sich bei den n\u00e4chsten zwei Spielen seinen Gegner jedoch geschlagen geben, auch wenn der Einsatz und der Wille sicher nicht gefehlt hatten.<\/p>\n<p align=\"justify\">Das Spiel um Platz 3 musste Rehan auf Grund seiner Verletzung w.o. geben, womit sich der Ungar Tasnadi die Bronze-Medaille sichern konnte. Im Finale standen sich nun Zoran Repija und Robert Schukoff gegen\u00fcber, auf dem alle Hoffnungen der USC 2000 Fangemeinde ruhten. Robert hatte bereits einige schwere Spiele in den Beinen und konnte sein sonst so druckvolles Spiel nicht ganz wie erhofft aufziehen. Zudem stand ihm ja Zoran gegen\u00fcber, der nur so von Fitness zu strotzen schien. Nicht verwunderlich war es deshalb, dass gerade die langen Ballwechsel h\u00e4ufig an den Slowenen gingen und dieser letztendlich auch souver\u00e4n mit 3-1 das Finale gewinnen konnte.<\/p>\n<p align=\"justify\">Nach einem anstrengenden Tag mit vielen spannenden und hochklassigen Partien ging es am Abend ins Caf\u00e9 Sonnenstra\u00dfe, wo bereits ein leckeres Buffet auf die hungrigen Spieler wartete. Nach einer stimmungsvollen Siegerehrung und einigen Gl\u00e4sern des gesunden Gerstensaftes klang der Abend schlie\u00dflich aus.<\/p>\n<p>(Text Copyright http:\/\/www.squash2000.org\/steirische-landesmeisterschaften-2012\/#more-115)<\/p>\n<p align=\"justify\">Details hier: <a title=\"Landesmeisterschaften Einzel 2012 - Ergebnisraster\" href=\"https:\/\/www.squash-steiermark.org\/wp-content\/uploads\/2013\/08\/LM2012Raster.pdf\"> Landesmeisterschaften Einzel 2012 &#8211; Ergebnisraster<\/a><\/p>\n<hr>\n<p><a name=\"St. Landesmeisterschaft 2011\"><\/a><\/p>\n<h3>Steirische Landesmeisterschaft 2011<\/h3>\n<p><a href=\"#scroll-top\"><em>nach oben<\/em><\/a><\/p>\n<p align=\"justify\">Robert Schukoff holt sich zum zweiten Mal den Landesmeistertitel! In einem spannenden Finale konnte sich Robert gegen Bernard Wagner-Petschauer mit 3:1 durchsetzen.<\/p>\n<div id='gallery-1' class='gallery galleryid-81 gallery-columns-3 gallery-size-responsive-200'><figure class='gallery-item'>\n\t\t\t<div class='gallery-icon landscape'>\n\t\t\t\t<a href='https:\/\/www.squash-steiermark.org\/?attachment_id=906'><img width=\"200\" height=\"150\" src=\"https:\/\/www.squash-steiermark.org\/wp-content\/uploads\/2013\/10\/lm2011_1.jpg\" class=\"attachment-responsive-200 size-responsive-200\" alt=\"\" loading=\"lazy\" srcset=\"https:\/\/www.squash-steiermark.org\/wp-content\/uploads\/2013\/10\/lm2011_1.jpg 640w, https:\/\/www.squash-steiermark.org\/wp-content\/uploads\/2013\/10\/lm2011_1-300x225.jpg 300w\" sizes=\"(max-width: 200px) 100vw, 200px\" \/><\/a>\n\t\t\t<\/div><\/figure><figure class='gallery-item'>\n\t\t\t<div class='gallery-icon landscape'>\n\t\t\t\t<a href='https:\/\/www.squash-steiermark.org\/?attachment_id=907'><img width=\"200\" height=\"150\" src=\"https:\/\/www.squash-steiermark.org\/wp-content\/uploads\/2013\/10\/lm2011_2.jpg\" class=\"attachment-responsive-200 size-responsive-200\" alt=\"\" loading=\"lazy\" srcset=\"https:\/\/www.squash-steiermark.org\/wp-content\/uploads\/2013\/10\/lm2011_2.jpg 640w, https:\/\/www.squash-steiermark.org\/wp-content\/uploads\/2013\/10\/lm2011_2-300x225.jpg 300w\" sizes=\"(max-width: 200px) 100vw, 200px\" \/><\/a>\n\t\t\t<\/div><\/figure><figure class='gallery-item'>\n\t\t\t<div class='gallery-icon landscape'>\n\t\t\t\t<a href='https:\/\/www.squash-steiermark.org\/?attachment_id=908'><img width=\"200\" height=\"150\" src=\"https:\/\/www.squash-steiermark.org\/wp-content\/uploads\/2013\/10\/lm2011_3.jpg\" class=\"attachment-responsive-200 size-responsive-200\" alt=\"\" loading=\"lazy\" srcset=\"https:\/\/www.squash-steiermark.org\/wp-content\/uploads\/2013\/10\/lm2011_3.jpg 640w, https:\/\/www.squash-steiermark.org\/wp-content\/uploads\/2013\/10\/lm2011_3-300x225.jpg 300w\" sizes=\"(max-width: 200px) 100vw, 200px\" \/><\/a>\n\t\t\t<\/div><\/figure>\n\t\t<\/div>\n\n<p align=\"justify\">Bei einem Starterfeld mit 21 Spielern kam es wieder zu interessanten Spielen und packenden Begegnungen. Wie erwartet kamen die 4 starken Landesligaspieler Richie Koller (UWK Squashteam Sportcafe), Zoran Repija (Panvita UWK Squshteam), Bernard Wagner-Petschauer (SC Hartberg) und Robert Schukoff (USC 2000) in die Halbfinalspiele.<\/p>\n<p>In der ersten Begegnung konnte Zoran, der Landesmeister von 2009, kein Rezept gegen den druckvoll spielenden Robert finden und musste sich 3:0 geschlagen geben. Richie konnte sein Spiel gegen Bernard \u00fcber 2 S\u00e4tze offen halten und auch einen Satz gewinnen. Letztlich musster aber auch er sich geschlagen geben und Bernard zog mit 3:1 ins Finale ein.<\/p>\n<p>Im Finale sahen die Zuschauer einen k\u00e4mpfenden Bernard, der alles versuchte um Robert den Titel zu nehmen. Bei packenden Ballwechseln behielt Robert aber die Oberhand und setzte sich mit der besseren Kondition im 4 Satz durch und verteidigte seinen Titel von 2010 erfolgreich!<\/p>\n<p align=\"justify\">Der Steirische Squash Rackets Verband dankte allen Teilnehmern f\u00fcr die fairen Spiele und unser Pr\u00e4sident Manfred Holzer konnte im Anschlu\u00df an das Finale den siegreichen Squashern\/Innen sch\u00f6ne Pokale als Siegpr\u00e4mien \u00fcberreichen.<\/p>\n<p>Bei einem wieder einmal sehr guten Essen im Sportcafe klang der Abend noch gem\u00fctlich aus.<\/p>\n<p align=\"center\">Herren &#8211; Steirische Landesmeisterschaften 2011:<\/p>\n<p><a href=\"https:\/\/www.squash-steiermark.org\/wp-content\/uploads\/2013\/10\/lm2011_h.jpg\"><img loading=\"lazy\" class=\"aligncenter size-medium wp-image-910\" src=\"https:\/\/www.squash-steiermark.org\/wp-content\/uploads\/2013\/10\/lm2011_h-300x225.jpg\" alt=\"lm2011_h\" width=\"300\" height=\"225\" srcset=\"https:\/\/www.squash-steiermark.org\/wp-content\/uploads\/2013\/10\/lm2011_h-300x225.jpg 300w, https:\/\/www.squash-steiermark.org\/wp-content\/uploads\/2013\/10\/lm2011_h.jpg 640w\" sizes=\"(max-width: 300px) 100vw, 300px\" \/><\/a><span style=\"font-size: 75%;\"><em>StSRV-Pr\u00e4sident Manfred Holzer, Zoran Repija (3.), Landesmeister 2011 Robert Schukoff, Bernard Wagner-Petschauer (2.)<\/em><\/span><\/p>\n<p>&nbsp;<\/p>\n<p align=\"center\">Damen &#8211; Steirische Landesmeisterschaften 2011:<\/p>\n<p><a href=\"https:\/\/www.squash-steiermark.org\/wp-content\/uploads\/2013\/10\/lm2011_d.jpg\"><img loading=\"lazy\" class=\"aligncenter size-medium wp-image-909\" src=\"https:\/\/www.squash-steiermark.org\/wp-content\/uploads\/2013\/10\/lm2011_d-300x225.jpg\" alt=\"lm2011_d\" width=\"300\" height=\"225\" srcset=\"https:\/\/www.squash-steiermark.org\/wp-content\/uploads\/2013\/10\/lm2011_d-300x225.jpg 300w, https:\/\/www.squash-steiermark.org\/wp-content\/uploads\/2013\/10\/lm2011_d.jpg 640w\" sizes=\"(max-width: 300px) 100vw, 300px\" \/><\/a><span style=\"font-size: 75%;\"><em>Sara Rojnik (2.), Landesmeisterin 2011 Judith Gradnitzer, StSRV-Pr\u00e4sident Manfred Holzer<\/em><\/span><\/p>\n<p>&nbsp;<\/p>\n<p>Weitere Details hier:<a href=\"https:\/\/www.squash-steiermark.org\/wp-content\/uploads\/2013\/10\/LM2011-Raster.pdf\">Landesmeisterschaften Einzel 2011 &#8211; Ergebnisraster<\/a><\/p>\n<hr>\n<p><a name=\"St. Landesmeisterschaft 2010\"><\/a><\/p>\n<h2>Steirische Landesmeisterschaft 2010<\/h2>\n<p><a href=\"#scroll-top\"><em>nach oben<\/em><\/a><\/p>\n<p align=\"justify\">Der Landesmeister 2010 hei\u00dft Robert Schukoff vom USC 2000! In einem unerwartet klaren Finale setzte sich Robert gegen Manuel Leitner (SC Sunrise Bruck\/Mur) mit 3:0 durch.<\/p>\n<p><a href=\"https:\/\/www.squash-steiermark.org\/wp-content\/uploads\/2013\/10\/2010_lm4.jpg\"><img loading=\"lazy\" class=\"aligncenter size-medium wp-image-929\" src=\"https:\/\/www.squash-steiermark.org\/wp-content\/uploads\/2013\/10\/2010_lm4-300x225.jpg\" alt=\"2010_lm4\" width=\"300\" height=\"225\" srcset=\"https:\/\/www.squash-steiermark.org\/wp-content\/uploads\/2013\/10\/2010_lm4-300x225.jpg 300w, https:\/\/www.squash-steiermark.org\/wp-content\/uploads\/2013\/10\/2010_lm4.jpg 1024w\" sizes=\"(max-width: 300px) 100vw, 300px\" \/><\/a><\/p>\n<p align=\"justify\">Manuel Leitner vom SC Sunrise Bruck\/Mur konnte sich wie in den letzten Jahren auch, durch einen 3:0 Sieg \u00fcber Koller Richie (UWK Squashteam Sportcafe) wieder f\u00fcr das Finale qualifizieren. Dort traf er auf den \u00fcberraschend stark spielenden Robert Schukoff (USC 2000), der einmal &#8211; 2003 &#8211; bereits im Halbfinale war und diesmal den Vorjahressieger Zoran Repija (Panvita UWK Squshteam) im Halbfinale schlagen konnte.<\/p>\n<p>Im Finale konnte sich Robert dann relativ klar gegen Manuel durchsetzen und gewann das Spiel mit 3:0. Der neue Landesmeister hei\u00dft Robert Schukoff!<\/p>\n<p>Robert Schukoff im Spiel gegen Roman Tieber<\/p>\n<p><a href=\"https:\/\/www.squash-steiermark.org\/wp-content\/uploads\/2013\/10\/2010_lm1.jpg\"><img loading=\"lazy\" class=\"aligncenter size-medium wp-image-926\" src=\"https:\/\/www.squash-steiermark.org\/wp-content\/uploads\/2013\/10\/2010_lm1-300x225.jpg\" alt=\"2010_lm1\" width=\"300\" height=\"225\" srcset=\"https:\/\/www.squash-steiermark.org\/wp-content\/uploads\/2013\/10\/2010_lm1-300x225.jpg 300w, https:\/\/www.squash-steiermark.org\/wp-content\/uploads\/2013\/10\/2010_lm1-1024x768.jpg 1024w, https:\/\/www.squash-steiermark.org\/wp-content\/uploads\/2013\/10\/2010_lm1.jpg 1080w\" sizes=\"(max-width: 300px) 100vw, 300px\" \/><\/a><\/p>\n<p align=\"justify\">Der Steirische Squash Rackets Verband dankte allen Teilnehmern f\u00fcr die fairen Spiele und unser Pr\u00e4sident Manfred Holzer konnte im Anschlu\u00df an das Finale den siegreichen Squashern\/Innen sch\u00f6ne Pokale als Siegpr\u00e4mien \u00fcberreichen.<\/p>\n<p>Bei einem sehr guten Essen im Sportcafe klang der Abend noch gem\u00fctlich aus.<\/p>\n<p>Die besten Herren der steirische Landesmeisterschaften 2010:<\/p>\n<p>Manuel Leitner (2.), Landesmeister 2010 Robert Schukoff, Zoran Repija (3.), StSRV-Pr\u00e4sident Manfred Holzer<\/p>\n<p><a href=\"https:\/\/www.squash-steiermark.org\/wp-content\/uploads\/2013\/10\/2010_lm2.jpg\"><img loading=\"lazy\" class=\"aligncenter size-medium wp-image-927\" src=\"https:\/\/www.squash-steiermark.org\/wp-content\/uploads\/2013\/10\/2010_lm2-300x225.jpg\" alt=\"2010_lm2\" width=\"300\" height=\"225\" srcset=\"https:\/\/www.squash-steiermark.org\/wp-content\/uploads\/2013\/10\/2010_lm2-300x225.jpg 300w, https:\/\/www.squash-steiermark.org\/wp-content\/uploads\/2013\/10\/2010_lm2-1024x768.jpg 1024w, https:\/\/www.squash-steiermark.org\/wp-content\/uploads\/2013\/10\/2010_lm2.jpg 1080w\" sizes=\"(max-width: 300px) 100vw, 300px\" \/><\/a><\/p>\n<p>Die Siegerin bei den Damen:<\/p>\n<p>Landesmeisterin 2010 Theresa Krassnigg, StSRV-Pr\u00e4sident Manfred Holzer<\/p>\n<p><a href=\"https:\/\/www.squash-steiermark.org\/wp-content\/uploads\/2013\/10\/2010_lm3.jpg\"><img loading=\"lazy\" class=\"aligncenter size-medium wp-image-928\" src=\"https:\/\/www.squash-steiermark.org\/wp-content\/uploads\/2013\/10\/2010_lm3-300x225.jpg\" alt=\"2010_lm3\" width=\"300\" height=\"225\" srcset=\"https:\/\/www.squash-steiermark.org\/wp-content\/uploads\/2013\/10\/2010_lm3-300x225.jpg 300w, https:\/\/www.squash-steiermark.org\/wp-content\/uploads\/2013\/10\/2010_lm3-1024x768.jpg 1024w, https:\/\/www.squash-steiermark.org\/wp-content\/uploads\/2013\/10\/2010_lm3.jpg 1080w\" sizes=\"(max-width: 300px) 100vw, 300px\" \/><\/a><\/p>\n<p>Weitere Details hier:<\/p>\n<p><a href=\"https:\/\/www.squash-steiermark.org\/wp-content\/uploads\/2013\/10\/2010_LMErgebnissraster.pdf\">Turnierraster 2010 (.pdf)<\/a><\/p>\n<p><a href=\"https:\/\/www.squash-steiermark.org\/wp-content\/uploads\/2013\/10\/2010_LMErgebnisse.pdf\">Einzel- Spielergebnisse 2010 (.pdf)<\/a><\/p>\n<hr>\n<p><a href=\"#scroll-top\"><em>nach oben<\/em><\/a><\/p>\n<hr>\n","protected":false},"excerpt":{"rendered":"<p>\u00dcbersicht steirische Landesmeister Einzel ab 2003: Landesmeisterschaft 2016, Einzel Landesmeisterschaft 2015, Einzel Landesmeisterschaft 2014, Einzel Landesmeisterschaft 2013, Einzel Landesmeisterschaft 2012, Einzel Landesmeisterschaft 2011, Einzel Landesmeisterschaft 2010, Einzel Landesmeisterschaft 2009, Einzel Landesmeisterschaft 2008, Einzel Landesmeisterschaft 2007, Einzel Landesmeisterschaft 2006, Einzel Landesmeisterschaft &hellip;<\/p>\n<p class=\"read-more\"> <a class=\"more-link\" href=\"https:\/\/www.squash-steiermark.org\/?page_id=81\"> <span class=\"screen-reader-text\">Landesmeisterschaften Archiv<\/span> Read More &raquo;<\/a><\/p>\n","protected":false},"author":1,"featured_media":0,"parent":113,"menu_order":1,"comment_status":"closed","ping_status":"open","template":"full-width-page.php","meta":[],"_links":{"self":[{"href":"https:\/\/www.squash-steiermark.org\/index.php?rest_route=\/wp\/v2\/pages\/81"}],"collection":[{"href":"https:\/\/www.squash-steiermark.org\/index.php?rest_route=\/wp\/v2\/pages"}],"about":[{"href":"https:\/\/www.squash-steiermark.org\/index.php?rest_route=\/wp\/v2\/types\/page"}],"author":[{"embeddable":true,"href":"https:\/\/www.squash-steiermark.org\/index.php?rest_route=\/wp\/v2\/users\/1"}],"replies":[{"embeddable":true,"href":"https:\/\/www.squash-steiermark.org\/index.php?rest_route=%2Fwp%2Fv2%2Fcomments&post=81"}],"version-history":[{"count":67,"href":"https:\/\/www.squash-steiermark.org\/index.php?rest_route=\/wp\/v2\/pages\/81\/revisions"}],"predecessor-version":[{"id":6756,"href":"https:\/\/www.squash-steiermark.org\/index.php?rest_route=\/wp\/v2\/pages\/81\/revisions\/6756"}],"up":[{"embeddable":true,"href":"https:\/\/www.squash-steiermark.org\/index.php?rest_route=\/wp\/v2\/pages\/113"}],"wp:attachment":[{"href":"https:\/\/www.squash-steiermark.org\/index.php?rest_route=%2Fwp%2Fv2%2Fmedia&parent=81"}],"curies":[{"name":"wp","href":"https:\/\/api.w.org\/{rel}","templated":true}]}}