{"id":74,"date":"2013-06-16T20:01:49","date_gmt":"2013-06-16T20:01:49","guid":{"rendered":"http:\/\/squash-steiermark.org\/?page_id=74"},"modified":"2026-04-29T14:31:11","modified_gmt":"2026-04-29T12:31:11","slug":"anlagen","status":"publish","type":"page","link":"https:\/\/www.squash-steiermark.org\/?page_id=74","title":{"rendered":"Anlagen"},"content":{"rendered":"<h2>SQUASH ANLAGEN IN DER STEIERMARK<\/h2>\n<hr \/>\n<p>Wenn Sie eine Squashanlage betreiben oder wenn Sie in einer Squashanlage spielen, die nicht in dieser \u00dcbersicht angef\u00fchrt ist, laden wir Sie herzlich ein, uns ein <a title=\"EMail StSRV\" href=\"mailto:stsrv@gmx.at\">E-Mail an den StSRV<\/a> mit allen relevanten Daten (Name der Anlage, Adresse, Telefon, Fax, Anzahl Courts, Extras, E-Mail, Homepage) zu senden und wir werden die Anlage gerne in die Liste aufnehmen.<br \/>\nDiese Informationen wurden von den Vertretern der Squash Anlagen zur Verf\u00fcgung gestellt. Der Steirische Squash Rackets Verband \u00fcbernimmt keine Haftung f\u00fcr die Richtigkeit und Vollst\u00e4ndigkeit.<\/p>\n<p><strong>HEROES-SQUASH<br \/>\n<\/strong><span style=\"font-size: inherit;\">Squash 21 GmbH, Puchstrasse 21, 8020 Graz, Telefon 0316-207406 <\/span><\/p>\n<p><span style=\"font-size: inherit;\">8 Courts, davon internationaler 1 Glas-Court<br \/>\n<\/span>Sportsbar mit kalten und warmen Speisen<br \/>\nVollausgestatteter HEAD-Sports-Shop<br \/>\nVerein: Union Styrian Squasher<br \/>\nAnlagen-Trainer: Stefan Kessler<br \/>\nE-Mail: <a class=\"moz-txt-link-abbreviated\" href=\"mailto:info@heroes-squash.at\" target=\"_blank\" rel=\"noopener\">info@heroes-squash.at<\/a><br \/>\nWeb: <a class=\"moz-txt-link-abbreviated\" href=\"http:\/\/www.heroes-squash.at\" target=\"_blank\" rel=\"noopener\">www.heroes-squash.at<\/a><br \/>\nOnline-Buchung: <a class=\"moz-txt-link-abbreviated\" href=\"https:\/\/www.heroes-squash.at\/booking\/\" target=\"_blank\" rel=\"noopener\">www.heroes.book247.com<\/a><\/p>\n<p align=\"left\"><strong> <span lang=\"de-AT\">RSCG \u2013 Racket Sport Center Graz<\/span><\/strong><span lang=\"de-AT\"><br \/>\nRagnitzstra\u00dfe 58b \u00b7 8047 Graz \u00b7 Telefon 0316\/301390<br \/>\n<\/span>Sportarten: 4 \u00b7Squash Courts, 5\u00a0 indoor Tennis Pl\u00e4tze, 5 outdoor Padel Courts, Tischtennis, Badminton (im Sommer), Indoor Golf, Sportcafe,<br \/>\n(Jugend-) Trainings auf Anfrage<br \/>\nE-Mail: <a href=\"mailto:rscragnitz@gmail.com\">rscragnitz@gmail.com<\/a> Web: <a href=\"http:\/\/www.rscg.at\/\">www.rscg.at<\/a><br \/>\nTelefon: 0316\/30 13 90<\/p>\n<p><strong>Tennishalle, Squashcafe Inh. Gollner<\/strong><\/p>\n<address>Zerlach 71 \u00b7 8082 Kirchbach \u00b7 Telefon 03116\/27777Courts: \u00b7 Extras: Tennis<br \/>\nE-Mail: Web:<\/address>\n<p align=\"left\"><strong> <span lang=\"de-AT\">Freizeitpark Bad<br \/>\nWaltersdorf<\/span> <\/strong> Bad Waltersdorf 298 \u00b7 8271 Bad Waltersdorf \u00b7 Telefon 03333\/3535 \u00b7 Fax 03333\/3535-4<br \/>\nGerichte: 2 \u00b7 Extras: Tennis,<br \/>\nThermenbad, Hotel E-Mail: <a href=\"mailto:office@sportaktivpark.at\">office@sportaktivpark.at<\/a><br \/>\nWeb: <a href=\"http:\/\/www.sportaktivpark.com\/\">Freizeitpark Bad Waltersdorf<\/a><\/p>\n<p align=\"left\"><strong> <span lang=\"de-AT\">Squash Tennishalle<br \/>\nZeltweg<\/span> <\/strong> Bundesstra\u00dfe 18 \u00b7 8740 Zeltweg \u00b7 Telefon 03577\/24855 \u00b7 Fax 03577\/81086 Gerichte:<br \/>\n3 \u00b7 Extras: Tennis, Caf\u00e9,<br \/>\nEishalle E-Mail: <a href=\"mailto:info@sportzentrum-zeltweg.at\">info@sportzentrum-zeltweg.at<\/a> Web: <a href=\"http:\/\/www.sportzentrum-zeltweg.at\/hallensport\/squash.html\">Sportzentrum Zeltweg Squash<\/a><\/p>\n<p align=\"left\"><strong><span lang=\"de-AT\">Freizeithalle Bad Mitterndorf (Squash Tennishalle)<br \/>\n<\/span><\/strong>Bad Mitterndorf 402 \u00b7 8983 Bad Mitterndorf \u00b7 Telefon 03623\/21 0 17<br \/>\nCourts: 2 \u00b7 Extras: Tennis, Cafe; Buchungen k\u00f6nnen direkt auf der Homepage durchgef\u00fchrt werden!<br \/>\nE-Mail: <a href=\"mailto:info@sportwerk-kg.at\"><u>info@sportwerk-kg.at<\/u><\/a> Web: <a href=\"http:\/\/www.sportwerk-kg.at\/\">Homepage Freizeithalle Bad Mitterndorf<\/a><\/p>\n","protected":false},"excerpt":{"rendered":"<p>SQUASH ANLAGEN IN DER STEIERMARK Wenn Sie eine Squashanlage betreiben oder wenn Sie in einer Squashanlage spielen, die nicht in dieser \u00dcbersicht angef\u00fchrt ist, laden wir Sie herzlich ein, uns ein E-Mail an den StSRV mit allen relevanten Daten (Name &hellip;<\/p>\n<p class=\"read-more\"> <a class=\"more-link\" href=\"https:\/\/www.squash-steiermark.org\/?page_id=74\"> <span class=\"screen-reader-text\">Anlagen<\/span> Read More &raquo;<\/a><\/p>\n","protected":false},"author":1,"featured_media":0,"parent":59,"menu_order":20,"comment_status":"closed","ping_status":"open","template":"","meta":[],"_links":{"self":[{"href":"https:\/\/www.squash-steiermark.org\/index.php?rest_route=\/wp\/v2\/pages\/74"}],"collection":[{"href":"https:\/\/www.squash-steiermark.org\/index.php?rest_route=\/wp\/v2\/pages"}],"about":[{"href":"https:\/\/www.squash-steiermark.org\/index.php?rest_route=\/wp\/v2\/types\/page"}],"author":[{"embeddable":true,"href":"https:\/\/www.squash-steiermark.org\/index.php?rest_route=\/wp\/v2\/users\/1"}],"replies":[{"embeddable":true,"href":"https:\/\/www.squash-steiermark.org\/index.php?rest_route=%2Fwp%2Fv2%2Fcomments&post=74"}],"version-history":[{"count":32,"href":"https:\/\/www.squash-steiermark.org\/index.php?rest_route=\/wp\/v2\/pages\/74\/revisions"}],"predecessor-version":[{"id":8995,"href":"https:\/\/www.squash-steiermark.org\/index.php?rest_route=\/wp\/v2\/pages\/74\/revisions\/8995"}],"up":[{"embeddable":true,"href":"https:\/\/www.squash-steiermark.org\/index.php?rest_route=\/wp\/v2\/pages\/59"}],"wp:attachment":[{"href":"https:\/\/www.squash-steiermark.org\/index.php?rest_route=%2Fwp%2Fv2%2Fmedia&parent=74"}],"curies":[{"name":"wp","href":"https:\/\/api.w.org\/{rel}","templated":true}]}}