{"id":72,"date":"2013-06-16T20:00:34","date_gmt":"2013-06-16T20:00:34","guid":{"rendered":"http:\/\/squash-steiermark.org\/?page_id=72"},"modified":"2017-03-13T21:34:54","modified_gmt":"2017-03-13T19:34:54","slug":"leistungen","status":"publish","type":"page","link":"https:\/\/www.squash-steiermark.org\/?page_id=72","title":{"rendered":"Leistungen"},"content":{"rendered":"<h2>LEISTUNGEN DES STSRV<\/h2>\n<hr \/>\n<p><img loading=\"lazy\" src=\"https:\/\/www.squash-steiermark.org\/wp-content\/uploads\/2013\/06\/STSRV_Logo-mit-Text-ohne-Rand-grn-300dpi-300x68.jpg\" alt=\"\" width=\"300\" height=\"68\" class=\"aligncenter size-medium wp-image-4819\" srcset=\"https:\/\/www.squash-steiermark.org\/wp-content\/uploads\/2013\/06\/STSRV_Logo-mit-Text-ohne-Rand-grn-300dpi-300x68.jpg 300w, https:\/\/www.squash-steiermark.org\/wp-content\/uploads\/2013\/06\/STSRV_Logo-mit-Text-ohne-Rand-grn-300dpi-768x174.jpg 768w, https:\/\/www.squash-steiermark.org\/wp-content\/uploads\/2013\/06\/STSRV_Logo-mit-Text-ohne-Rand-grn-300dpi-1024x232.jpg 1024w, https:\/\/www.squash-steiermark.org\/wp-content\/uploads\/2013\/06\/STSRV_Logo-mit-Text-ohne-Rand-grn-300dpi-100x23.jpg 100w, https:\/\/www.squash-steiermark.org\/wp-content\/uploads\/2013\/06\/STSRV_Logo-mit-Text-ohne-Rand-grn-300dpi-150x34.jpg 150w, https:\/\/www.squash-steiermark.org\/wp-content\/uploads\/2013\/06\/STSRV_Logo-mit-Text-ohne-Rand-grn-300dpi-200x45.jpg 200w, https:\/\/www.squash-steiermark.org\/wp-content\/uploads\/2013\/06\/STSRV_Logo-mit-Text-ohne-Rand-grn-300dpi-450x102.jpg 450w, https:\/\/www.squash-steiermark.org\/wp-content\/uploads\/2013\/06\/STSRV_Logo-mit-Text-ohne-Rand-grn-300dpi-600x136.jpg 600w, https:\/\/www.squash-steiermark.org\/wp-content\/uploads\/2013\/06\/STSRV_Logo-mit-Text-ohne-Rand-grn-300dpi-900x204.jpg 900w\" sizes=\"(max-width: 300px) 100vw, 300px\" \/><\/p>\n<p>Der StSRV und die steirischen\u00a0<a title=\"Squashvereine Steiermark\" href=\"http:\/\/stsrv.tomscs.at\/vereine.htm\">Vereine<\/a>\u00a0sind engagiert und bem\u00fcht, allen Interessierten an unserem Sport Bet\u00e4tigungsm\u00f6glichkeiten zu bieten. Dazu z\u00e4hlen im besonderen:<\/p>\n<ul>\n<li><strong>\u00b7 Steirische Landesliga:<\/strong><br \/>\nOrganisation und Administration<br \/>\n&#8211; von der Terminplanung bis zur Siegerehrung<\/li>\n<li><strong>\u00b7 Steirische Meisterschaften:<\/strong><br \/>\nEinzelmeisterschaften, Seniorenmeisterschaften<br \/>\n&#8211; Organisation und Administration<\/li>\n<li><strong>\u00b7 Ranglistenturniere:<\/strong><br \/>\nOrganisation und Administration<br \/>\n&#8211; Planung, Durchf\u00fchrung, Siegerehrung, Rahmenprogramm<\/li>\n<li><strong>\u00b7 Hobbyturniere:<\/strong><br \/>\nOrganisation und Durchf\u00fchrung<br \/>\n&#8211; stellen von Schiedsrichtern, Spielraster erstellen, &#8230;<\/li>\n<li><strong>\u00b7 Trainer-Workshops:<\/strong><br \/>\nOrganisation f\u00fcr Interessierte<br \/>\n&#8211; Regelkunde, Trainingsmethoden, praktische \u00dcbungen<\/li>\n<li><strong>\u00b7 Jugendtraining:<\/strong><br \/>\nDer StSRV ist bestrebt, die Squashszene in der Steiermark zu f\u00f6rdern. Dabei ist es naheliegend, der Jugend spezielles Squashtraining anzubieten und der StSRV bietet mit erfahrenen Spielern der steirischen Landesliga Trainingsm\u00f6glichkeiten f\u00fcr Kinder und Jugendliche aller Altersklasse an. Mit Squash trainiert man den ganzen K\u00f6rper. Neben Ausdauer kommt es auch sehr auf Schnelligkeit und Taktik an.<\/p>\n<p>Mit dem richtigen Training kann man verschiedene k\u00f6rperliche Bereiche verbessern:<\/p>\n<p>\u00b7 Die Kondition &#8211; durch die st\u00e4ndige Bewegung im Court<br \/>\n\u00b7 Die Schnelligkeit &#8211; durch die vielen kurzen Sprints im Spiel<br \/>\n\u00b7 Die Reflexe &#8211; durch variantenreiches Spiel<br \/>\n\u00b7 Die Auffassungsgabe &#8211; durch &#8220;vorausschauendes&#8221; Spielen<br \/>\n\u00b7 Die Disziplin &#8211; durch Festlegen und Einhalten der richtigen Taktik.<\/p>\n<p>Das Training umfa\u00dft<\/p>\n<p>\u00b7 Basistraining \u00b7 Ausdauer \u00b7 Technik \u00b7 Taktik \u00b7 Trainingsspiele.<br \/>\nAber auch Spa\u00df und Spiel soll nicht zu kurz kommen!<\/p>\n<p>F\u00fcr n\u00e4here Infos laden wir Sie gerne ein, uns ein\u00a0<a title=\"EMail StSRV\" href=\"mailto:stsrv@gmx.at\">E-Mail an den StSRV<\/a>\u00a0zu senden und wir werden Ihnen gerne unser Angebot mitteilen.<\/li>\n<\/ul>\n<p>Wenn Sie Interesse an einer Squashveranstaltung haben &#8211; f\u00fcr Ihre Firmen- oder Hobbyrunde, offiziell oder intern &#8211; laden wir Sie gerne ein uns ein\u00a0<a title=\"EMail StSRV\" href=\"mailto:stsrv@gmx.at\">E-Mail an den StSRV<\/a>\u00a0zu senden und wir werden Ihnen gerne unsere Unterst\u00fctzung anbieten.<\/p>\n","protected":false},"excerpt":{"rendered":"<p>LEISTUNGEN DES STSRV Der StSRV und die steirischen\u00a0Vereine\u00a0sind engagiert und bem\u00fcht, allen Interessierten an unserem Sport Bet\u00e4tigungsm\u00f6glichkeiten zu bieten. Dazu z\u00e4hlen im besonderen: \u00b7 Steirische Landesliga: Organisation und Administration &#8211; von der Terminplanung bis zur Siegerehrung \u00b7 Steirische Meisterschaften: Einzelmeisterschaften, &hellip;<\/p>\n<p class=\"read-more\"> <a class=\"more-link\" href=\"https:\/\/www.squash-steiermark.org\/?page_id=72\"> <span class=\"screen-reader-text\">Leistungen<\/span> Read More &raquo;<\/a><\/p>\n","protected":false},"author":1,"featured_media":0,"parent":59,"menu_order":15,"comment_status":"closed","ping_status":"open","template":"","meta":[],"_links":{"self":[{"href":"https:\/\/www.squash-steiermark.org\/index.php?rest_route=\/wp\/v2\/pages\/72"}],"collection":[{"href":"https:\/\/www.squash-steiermark.org\/index.php?rest_route=\/wp\/v2\/pages"}],"about":[{"href":"https:\/\/www.squash-steiermark.org\/index.php?rest_route=\/wp\/v2\/types\/page"}],"author":[{"embeddable":true,"href":"https:\/\/www.squash-steiermark.org\/index.php?rest_route=\/wp\/v2\/users\/1"}],"replies":[{"embeddable":true,"href":"https:\/\/www.squash-steiermark.org\/index.php?rest_route=%2Fwp%2Fv2%2Fcomments&post=72"}],"version-history":[{"count":33,"href":"https:\/\/www.squash-steiermark.org\/index.php?rest_route=\/wp\/v2\/pages\/72\/revisions"}],"predecessor-version":[{"id":4821,"href":"https:\/\/www.squash-steiermark.org\/index.php?rest_route=\/wp\/v2\/pages\/72\/revisions\/4821"}],"up":[{"embeddable":true,"href":"https:\/\/www.squash-steiermark.org\/index.php?rest_route=\/wp\/v2\/pages\/59"}],"wp:attachment":[{"href":"https:\/\/www.squash-steiermark.org\/index.php?rest_route=%2Fwp%2Fv2%2Fmedia&parent=72"}],"curies":[{"name":"wp","href":"https:\/\/api.w.org\/{rel}","templated":true}]}}