{"id":7106,"date":"2020-12-29T17:59:52","date_gmt":"2020-12-29T15:59:52","guid":{"rendered":"https:\/\/www.squash-steiermark.org\/?page_id=7106"},"modified":"2025-12-10T18:06:57","modified_gmt":"2025-12-10T16:06:57","slug":"kaderliste-jugend-2020-2021","status":"publish","type":"page","link":"https:\/\/www.squash-steiermark.org\/?page_id=7106","title":{"rendered":"A-Kaderliste Jugend 2025\/2026"},"content":{"rendered":"\n<p class=\"has-normal-font-size\"><strong>Jugend m\u00e4nnlich<\/strong><\/p>\n\n\n\n<p class=\"has-normal-font-size\"><em>U 19:<\/em><br>Samuel <strong>Winkler<\/strong><br>Lorenz <strong>Hochstrasser<\/strong><br>Leopold <strong>Kessler<\/strong><br>Julian <strong>Grossek<\/strong><\/p>\n\n\n\n<p><em>U 17: <\/em><br>Nikolaus <strong>Kessler<\/strong><br>Johannes <strong>Cebin<\/strong><br>Jakub <strong>Malinowski<\/strong><\/p>\n\n\n\n<p><em>U 15:<\/em><br>Guille <strong>Fernandez de Miguel<\/strong><\/p>\n\n\n\n<p><em>U 13:<\/em><br>Liam <strong>Silberschneider<\/strong><br>Paul <strong>Sailer<\/strong><\/p>\n\n\n\n<p><strong>Jugend weiblich<\/strong><\/p>\n\n\n\n<p><em>U 19:<\/em><br>Karina <strong>Seiner<\/strong><\/p>\n\n\n\n<p><em>U 17:<\/em><br>Cicek <strong>Celebi<\/strong><br><br>U 15:<br>Elena <strong>Stadlober<\/strong><\/p>\n\n\n\n<p>Zur Einberufung in den steirischen A Kader werden die offiziellen Ranglisten des \u00d6SRV jeweils am 1. Januar, sowie 1. Juli eines jeden Jahres herangezogen.<\/p>\n\n\n\n<p>Dar\u00fcber hinaus sind die Einhaltung des Ehrencodex des \u00d6SRV, die zu erwartende sportliche Entwicklung hinsichtlich der Altersstruktur, sowie die Teamf\u00e4higkeit und Kooperationsbereitschaft mit dem StSRV Eckpfeiler, welche der Kaderzusammensetzung des StSRV zu Grunde liegen.<\/p>\n\n\n\n<p><br><a href=\"https:\/\/www.intooli.at\/match22\/ranks\/95\/35\/\">Hier der Link zu der \u00d6sterreichischen Jugendrangliste<\/a> des \u00d6SRV.<\/p>\n","protected":false},"excerpt":{"rendered":"<p>Jugend m\u00e4nnlich U 19:Samuel WinklerLorenz HochstrasserLeopold KesslerJulian Grossek U 17: Nikolaus KesslerJohannes CebinJakub Malinowski U 15:Guille Fernandez de Miguel U 13:Liam SilberschneiderPaul Sailer Jugend weiblich U 19:Karina Seiner U 17:Cicek Celebi U 15:Elena Stadlober Zur Einberufung in den steirischen A &hellip;<\/p>\n<p class=\"read-more\"> <a class=\"more-link\" href=\"https:\/\/www.squash-steiermark.org\/?page_id=7106\"> <span class=\"screen-reader-text\">A-Kaderliste Jugend 2025\/2026<\/span> Read More &raquo;<\/a><\/p>\n","protected":false},"author":5,"featured_media":0,"parent":59,"menu_order":9,"comment_status":"closed","ping_status":"closed","template":"","meta":[],"_links":{"self":[{"href":"https:\/\/www.squash-steiermark.org\/index.php?rest_route=\/wp\/v2\/pages\/7106"}],"collection":[{"href":"https:\/\/www.squash-steiermark.org\/index.php?rest_route=\/wp\/v2\/pages"}],"about":[{"href":"https:\/\/www.squash-steiermark.org\/index.php?rest_route=\/wp\/v2\/types\/page"}],"author":[{"embeddable":true,"href":"https:\/\/www.squash-steiermark.org\/index.php?rest_route=\/wp\/v2\/users\/5"}],"replies":[{"embeddable":true,"href":"https:\/\/www.squash-steiermark.org\/index.php?rest_route=%2Fwp%2Fv2%2Fcomments&post=7106"}],"version-history":[{"count":16,"href":"https:\/\/www.squash-steiermark.org\/index.php?rest_route=\/wp\/v2\/pages\/7106\/revisions"}],"predecessor-version":[{"id":8932,"href":"https:\/\/www.squash-steiermark.org\/index.php?rest_route=\/wp\/v2\/pages\/7106\/revisions\/8932"}],"up":[{"embeddable":true,"href":"https:\/\/www.squash-steiermark.org\/index.php?rest_route=\/wp\/v2\/pages\/59"}],"wp:attachment":[{"href":"https:\/\/www.squash-steiermark.org\/index.php?rest_route=%2Fwp%2Fv2%2Fmedia&parent=7106"}],"curies":[{"name":"wp","href":"https:\/\/api.w.org\/{rel}","templated":true}]}}