{"id":6700,"date":"2020-06-30T14:11:35","date_gmt":"2020-06-30T12:11:35","guid":{"rendered":"https:\/\/www.squash-steiermark.org\/?page_id=6700"},"modified":"2020-06-30T14:12:14","modified_gmt":"2020-06-30T12:12:14","slug":"haftungsausschluss","status":"publish","type":"page","link":"https:\/\/www.squash-steiermark.org\/?page_id=6700","title":{"rendered":"Haftungsausschluss"},"content":{"rendered":"\n<h2>Haftung<\/h2>\n\n\n\n<p>Der Steirische Squash Rackets Verband (StSRV) \u00fcbernimmt keinerlei Verantwortung oder Haftung, weder ausdr\u00fccklich noch implizit, f\u00fcr jegliche Vorf\u00e4lle oder Umst\u00e4nde, einschlie\u00dflich aber keinesfalls beschr\u00e4nkt auf Verletzungen, Verluste oder Besch\u00e4digungen, die sich nach oder durch die Nutzung oder das Verlassen auf Informationen oder Material, das auf dieser Webseite enthalten ist oder davon heruntergeladen wurde, ereignet haben. Der StSRV hat ausreichende Vorkehrungen bei der Vorbereitung der Informationen und des Materials auf dieser Webseite getroffen. Trotzdem ist der StSRV nicht in der Lage, irgendwelche Garantien oder Gew\u00e4hrleistung hinsichtlich der Richtigkeit oder Vollst\u00e4ndigkeit der auf dieser Webseite bereitgestellten Informationen oder des auf dieser Webseite bereitgestellten Materials zu gew\u00e4hren.<\/p>\n\n\n\n<h2>Hyperlinks<\/h2>\n\n\n\n<p>Hypertext Links (Hyperlinks) zu Webseiten Dritter werden auf dieser Webseite ausschlie\u00dflich aus Gr\u00fcnden der Annehmlichkeit f\u00fcr die Besucher der Webseite bereitgestellt. Der StSRV ist nicht in der Lage,&nbsp;irgendwelche Garantien oder Gew\u00e4hrleistung hinsichtlich der Richtigkeit oder Vollst\u00e4ndigkeit der Informationen oder des Materials auf jenen Webseiten Dritter zu gew\u00e4hren \u2013 dies liegt in der alleinigen Verantwortung der InhaberInnen jener Webseiten Dritter. Weiters stellt der StSRV ausdr\u00fccklich fest, durch gesetzte Hyperlinks zu Webseiten Dritter die Ansichten oder Informationen, die auf jenen Webseiten Dritter vertreten oder verbreitet werden, auf keine Weise zu bef\u00fcrworten, zu bewerben oder sich damit zu identifizieren. Au\u00dferdem kann der StSRV zur Verwendung des auf Webseiten Dritter enthaltene Material keinerlei Erlaubnis erteilen.<\/p>\n\n\n\n<h4>Steirischer Squash Rackets Verband (StSRV)<\/h4>\n\n\n\n<p>Landesverband der steirischen Squashvereine<\/p>\n\n\n\n<p>Email:&nbsp;<a href=\"stsrv@gmx.at\">stsrv@gmx.at<\/a><\/p>\n\n\n\n<p><a href=\"stsrv@gmx.at\">&nbsp;<\/a><br>Internet:&nbsp;<a href=\"https:\/\/www.squash-steiermark.org\">https:\/\/www.squash-steiermark.org<\/a><\/p>\n","protected":false},"excerpt":{"rendered":"<p>Haftung Der Steirische Squash Rackets Verband (StSRV) \u00fcbernimmt keinerlei Verantwortung oder Haftung, weder ausdr\u00fccklich noch implizit, f\u00fcr jegliche Vorf\u00e4lle oder Umst\u00e4nde, einschlie\u00dflich aber keinesfalls beschr\u00e4nkt auf Verletzungen, Verluste oder Besch\u00e4digungen, die sich nach oder durch die Nutzung oder das Verlassen &hellip;<\/p>\n<p class=\"read-more\"> <a class=\"more-link\" href=\"https:\/\/www.squash-steiermark.org\/?page_id=6700\"> <span class=\"screen-reader-text\">Haftungsausschluss<\/span> Read More &raquo;<\/a><\/p>\n","protected":false},"author":5,"featured_media":0,"parent":59,"menu_order":2,"comment_status":"closed","ping_status":"closed","template":"","meta":[],"_links":{"self":[{"href":"https:\/\/www.squash-steiermark.org\/index.php?rest_route=\/wp\/v2\/pages\/6700"}],"collection":[{"href":"https:\/\/www.squash-steiermark.org\/index.php?rest_route=\/wp\/v2\/pages"}],"about":[{"href":"https:\/\/www.squash-steiermark.org\/index.php?rest_route=\/wp\/v2\/types\/page"}],"author":[{"embeddable":true,"href":"https:\/\/www.squash-steiermark.org\/index.php?rest_route=\/wp\/v2\/users\/5"}],"replies":[{"embeddable":true,"href":"https:\/\/www.squash-steiermark.org\/index.php?rest_route=%2Fwp%2Fv2%2Fcomments&post=6700"}],"version-history":[{"count":3,"href":"https:\/\/www.squash-steiermark.org\/index.php?rest_route=\/wp\/v2\/pages\/6700\/revisions"}],"predecessor-version":[{"id":6703,"href":"https:\/\/www.squash-steiermark.org\/index.php?rest_route=\/wp\/v2\/pages\/6700\/revisions\/6703"}],"up":[{"embeddable":true,"href":"https:\/\/www.squash-steiermark.org\/index.php?rest_route=\/wp\/v2\/pages\/59"}],"wp:attachment":[{"href":"https:\/\/www.squash-steiermark.org\/index.php?rest_route=%2Fwp%2Fv2%2Fmedia&parent=6700"}],"curies":[{"name":"wp","href":"https:\/\/api.w.org\/{rel}","templated":true}]}}