{"id":6692,"date":"2020-06-30T10:17:01","date_gmt":"2020-06-30T08:17:01","guid":{"rendered":"https:\/\/www.squash-steiermark.org\/?page_id=6692"},"modified":"2020-06-30T14:05:29","modified_gmt":"2020-06-30T12:05:29","slug":"datenschutz","status":"publish","type":"page","link":"https:\/\/www.squash-steiermark.org\/?page_id=6692","title":{"rendered":"Datenschutz"},"content":{"rendered":"\n<h1>Datenschutzerkl\u00e4rung<\/h1>\n\n\n\n<h2>Vorbemerkung<\/h2>\n\n\n\n<p>Der Schutz und die Sicherheit Ihrer Daten sind uns ein wichtiges Anliegen. Wir verarbeiten Ihre Daten nur im Rahmen der gesetzlichen Bestimmungen, insbesondere der DSGVO. Ihre bei uns gespeicherten personenbezogenen Daten werden durch geeignete technische und organisatorische Ma\u00dfnahmen gesch\u00fctzt und nach vorgegebenen Richtlinien verarbeitet.<\/p>\n\n\n\n<p>Diese Datenschutzerkl\u00e4rung betrifft in erster Linie diese Website. Sollten Sie (in Zukunft oder derzeit) mit uns auch \u00fcber Ihren Besuch auf unserer Website hinaus in gesch\u00e4ftlichem oder sonstigem (z.B. vertraglichem) Kontakt stehen, so gelten daf\u00fcr weitere Bestimmungen, die wir Ihnen dort (z.B. im Zuge des Vertragsabschlusses) zur Kenntnis bringen werden oder bereits zur Kenntnis gebracht haben.<\/p>\n\n\n\n<h2>Diese Website wird betrieben von (Datenschutz-Verantwortlicher im Sinne der DSGVO):<\/h2>\n\n\n\n<p>Steirischer Squash Rackets Verband (StSRV)<br>Purgleitnerstra\u00dfe 16a, 8010 Graz, \u00d6sterreich<br>Email: stsrv@gmx.at<\/p>\n\n\n\n<p>Die Adresse unserer Website ist: https:\/\/www.squash-steiermark.org<\/p>\n\n\n\n<p>Zum Thema Datenschutz auf unserer Website haben wir hier bereits umfangreiche Informationen zusammengestellt. Fragen des Datenschutzes, die \u00fcber den Besuch dieser Website hinausgehen, werden ggf. durch Vertr\u00e4ge mit uns oder andere Vereinbarungen oder Dokumente geregelt. Falls Sie trotzdem noch Fragen haben, k\u00f6nnen Sie uns unter der Email-Adresse&nbsp;stsrv@gmx.at erreichen.<\/p>\n\n\n\n<p>Die Ansprechperson f\u00fcr Datenschutzangelegenheiten erreichen Sie immer unter der eben genannten Email-Adresse stsrv@gmx.at.<\/p>\n\n\n\n<h2>Ihre Rechte an Ihren Daten<\/h2>\n\n\n\n<p>Ihnen stehen grunds\u00e4tzlich die Rechte auf Auskunft, Berichtigung, L\u00f6schung, Einschr\u00e4nkung, Daten\u00fcbertragbarkeit, Widerruf und Widerspruch zu. Wenn Sie glauben, dass die Verarbeitung Ihrer Daten gegen das Datenschutzrecht verst\u00f6\u00dft oder Ihre datenschutzrechtlichen Anspr\u00fcche sonst in irgendeiner Weise verletzt worden sind, k\u00f6nnen Sie sich bei der zust\u00e4ndigen Aufsichtsbeh\u00f6rde beschweren. In \u00d6sterreich ist dies die Datenschutzbeh\u00f6rde.<\/p>\n\n\n\n<p>Wenn Sie ein Konto auf dieser Website besitzen oder Kommentare geschrieben haben, k\u00f6nnen Sie einen Export Ihrer personenbezogenen Daten bei uns anfordern, inklusive aller Daten, die Sie uns mitgeteilt haben. Dar\u00fcber hinaus k\u00f6nnen Sie die L\u00f6schung aller personenbezogenen Daten, die wir von Ihnen gespeichert haben, anfordern. Dies umfasst nicht die Daten, die wir aufgrund administrativer, rechtlicher oder sicherheitsrelevanter Notwendigkeiten aufbewahren m\u00fcssen.<\/p>\n\n\n\n<h2>Mit wem wir Ihre Daten teilen<\/h2>\n\n\n\n<p>Wir geben Ihre personenbezogenen Daten grunds\u00e4tzlich nicht an Dritte weiter, au\u00dfer dies ist durch gesetzliche oder vertragliche Vorgaben bzw. beh\u00f6rdliche Ma\u00dfnahmen erforderlich (z.B. bei der Einsicht eines Steuerpr\u00fcfers in Rechnungsunterlagen).<\/p>\n\n\n\n<h2>Wie lange wir Ihre Daten speichern<\/h2>\n\n\n\n<p>Wenn Sie einen Kommentar schreiben, wird dieser inklusive Metadaten zeitlich unbegrenzt gespeichert. Auf diese Art k\u00f6nnen wir z.B. Folgekommentare automatisch erkennen und freigeben, anstelle sie in einer Moderations-Warteschlange festzuhalten. Au\u00dferdem sollen hilfreiche Informationen, die Ihr Kommentar enth\u00e4lt, auch wirklich f\u00fcr einen m\u00f6glichst langen Zeitraum hilfreich bleiben.<\/p>\n\n\n\n<p>F\u00fcr Benutzer, die sich auf unserer Website registrieren, speichern wir zus\u00e4tzlich die pers\u00f6nlichen Informationen, die sie in ihren Benutzerprofilen angeben. Alle Benutzer k\u00f6nnen jederzeit ihre pers\u00f6nlichen Informationen einsehen, ver\u00e4ndern oder l\u00f6schen (der Benutzername kann nicht ver\u00e4ndert werden). Administratoren der Website k\u00f6nnen diese Informationen ebenfalls einsehen und ver\u00e4ndern. Dies dient zum sicheren und geregelten Betrieb unserer Website.<\/p>\n\n\n\n<h2>Wohin wir Ihre Daten senden<\/h2>\n\n\n\n<p>Wir verarbeiten Ihre personenbezogenen Daten, sofern wir solche \u00fcberhaupt verarbeiten, grunds\u00e4tzlich auf den von uns genutzten Servern oder anderen Ger\u00e4ten innerhalb der EU. Manche Dienste oder soziale Netzwerke haben jedoch ihren Sitz au\u00dferhalb der EU. Diese sind ggf. z.B. weiter unten angef\u00fchrt. Konkret k\u00f6nnten z.B. auch Besucher-Kommentare von einem automatisierten Dienst zur Spam-Erkennung untersucht werden.<\/p>\n\n\n\n<h2>\u00c4nderungen dieser Erkl\u00e4rung<\/h2>\n\n\n\n<p>Diese Erkl\u00e4rung kann in Zukunft ge\u00e4ndert werden, wenn strukturelle oder inhaltliche \u00c4nderungen an dieser Webseite das n\u00f6tig machen sollten.<\/p>\n\n\n\n<h2>Kinder als Besucher unserer Website<\/h2>\n\n\n\n<p>Wir m\u00f6chten die Eltern und Erziehungsberechtigten von Minderj\u00e4hrigen und insbesondere Kindern ausdr\u00fccklich darauf hinweisen, wie wichtig es ist, Kindern einen verantwortungsvollen Umgang mit dem Internet und besonders mit personenbezogenen Daten im Internet nahe zu bringen. Wir fordern hiermit Minderj\u00e4hrige Besucher unserer Website ausdr\u00fccklich auf, vor und\/oder bei der Eingabe irgendwelcher Daten auf unserer Website ihre Erziehungsberechtigten hinzuzuziehen oder um Rat\/Erlaubnis zu fragen.<\/p>\n\n\n\n<h2>Welche personenbezogenen Daten wir sammeln und warum wir sie sammeln<\/h2>\n\n\n\n<h3>Sensible personenbezogene Daten<\/h3>\n\n\n\n<p>Auf dieser Website werden keine sensiblen personenbezogenen Daten gesammelt.<\/p>\n\n\n\n<h3>Kommentare auf der Website<\/h3>\n\n\n\n<p>Wenn Besucher Kommentare auf der Website schreiben, sammeln wir die Daten, die im Kommentar-Formular angezeigt werden, au\u00dferdem die IP-Adresse des Besuchers und den User-Agent-String (damit wird der Browser identifiziert), um die Erkennung von Spam zu unterst\u00fctzen.<\/p>\n\n\n\n<h3>Medien<\/h3>\n\n\n\n<p>Wenn Sie ein registrierter Benutzer sind und Fotos auf diese Website laden, sollten Sie vermeiden, Fotos mit einem EXIF-GPS-Standort hochzuladen. Besucher dieser Website k\u00f6nnten Fotos, die auf dieser Website gespeichert sind, herunterladen und deren Standort-Informationen extrahieren.<\/p>\n\n\n\n<h3>Kontaktformulare auf der Website<\/h3>\n\n\n\n<p>Wenn Besucher ein Kontaktformular auf der Website benutzen und abschicken, sammeln wir die Daten, die im Kommentar-Formular angezeigt werden, um die so gestellte Anfrage des Besuchers zu bearbeiten und zu beantworten. Diese Daten werden f\u00fcr R\u00fcckfragen, Nachfragen, auf Wunsch zur Stellung von Angeboten und zugeh\u00f6rigen Dienstleistungen ausschlie\u00dflich intern verarbeitet, 6 Monate ab Zeitpunkt der Anfrage gespeichert und anschlie\u00dfend gel\u00f6scht. Sollten sich aus der Anfrage in der Zwischenzeit weitere Schritte (abgeschlossenes Gesch\u00e4ft, etc.) ergeben haben, gelten die damit zusammenh\u00e4ngenden rechtlichen, vertraglichen und sonstigen Vorschriften und Aufbewahrungsfristen.<\/p>\n\n\n\n<p>Wir verwenden die im Kontaktformular erhobenen Daten jedenfalls nicht ohne weitere Zustimmung zum Versand von Werbung, Newslettern oder dergleichen, es sei denn, Sie werden bei einem Formular explizit darauf hingewiesen, dass es sich um die Anmeldung zu einem Newsletter handelt. Bitte beachten Sie, dass das Ausf\u00fcllen eines Feldes eines Kontaktformulars auch freiwillig oder optional sein kann.<\/p>\n\n\n\n<h3>Cookies<\/h3>\n\n\n\n<p>Sie k\u00f6nnen die Verwendung von Cookies in Ihrem Browser komplett unterbinden, indem Sie dies in den Einstellungen Ihres Browsers zur Privatsph\u00e4re \u00e4ndern. Beachten Sie jedoch, dass einige Funktionen dieser Website und externer Dienste dadurch nur eingeschr\u00e4nkt oder gar nicht f\u00fcr Sie zur Verf\u00fcgung stehen.<\/p>\n\n\n\n<h3>Cookies f\u00fcr Kommentare und Anmeldung<\/h3>\n\n\n\n<p>Wenn Sie einen Kommentar auf unserer Website schreiben, kann das eine Einwilligung sein, Ihren Namen, E-Mail-Adresse und Website in Cookies zu speichern. Dies ist eine Komfortfunktion, damit Sie nicht, wenn Sie einen weiteren Kommentar schreiben, all diese Daten erneut eingeben m\u00fcssen. Diese Cookies werden ein Jahr lang gespeichert.<\/p>\n\n\n\n<p>Falls Sie ein Website-Konto bei uns besitzen und sich auf dieser Website anmelden, werden wir ein tempor\u00e4res Cookie setzen, um festzustellen, ob Ihr Browser Cookies akzeptiert. Dieses Cookie enth\u00e4lt keine personenbezogenen Daten und wird verworfen, wenn Sie Ihren Browser schlie\u00dfen.<\/p>\n\n\n\n<p>Wenn Sie sich anmelden, werden wir einige Cookies einrichten, um Ihre Anmeldeinformationen und Anzeigeoptionen zu speichern. Anmelde-Cookies verfallen nach zwei Tagen und Cookies f\u00fcr die Anzeigeoptionen nach einem Jahr. Falls Sie bei der Anmeldung \u201eAngemeldet bleiben\u201c ausw\u00e4hlen, wird Ihre Anmeldung zwei Wochen lang aufrechterhalten. Mit der Abmeldung aus Ihrem Konto werden die Anmelde-Cookies gel\u00f6scht.<\/p>\n\n\n\n<p>Wenn Sie einen Artikel bearbeiten oder ver\u00f6ffentlichen, wird ein zus\u00e4tzliches Cookie in Ihrem Browser gespeichert. Dieses Cookie enth\u00e4lt keine personenbezogenen Daten und verweist nur auf die Beitrags-ID des Artikels, den Sie gerade bearbeitet haben. Das Cookie verf\u00e4llt nach einem Tag.<\/p>\n\n\n\n<h3>Eingebettete Inhalte von anderen Websites<\/h3>\n\n\n\n<p>Beitr\u00e4ge auf dieser Website k\u00f6nnen eingebettete Inhalte beinhalten (z.&nbsp;B. Videos, Bilder, Beitr\u00e4ge, tweets, posts, etc.). Eingebettete Inhalte von anderen Websites verhalten sich exakt so, als ob der Besucher die andere Website besucht h\u00e4tte.<\/p>\n\n\n\n<p>Diese Websites k\u00f6nnen Daten \u00fcber Sie sammeln, Cookies benutzen, zus\u00e4tzliche Tracking-Dienste von Dritten einbetten und Ihre Interaktion mit diesem eingebetteten Inhalt aufzeichnen, inklusive Ihrer Interaktion mit dem eingebetteten Inhalt, falls Sie bei einer solchen Website ein Konto haben und auf dieser Website angemeldet sind. Dies gilt auch f\u00fcr:<\/p>\n\n\n\n<h3>Sharing-Buttons und Plugins sozialer Netzwerke und anderer Websites<\/h3>\n\n\n\n<p>Buttons, Plugins oder Links der folgenden sozialen Netzwerke und anderer Websites bzw. Dienste werden auf unserer Website f\u00fcr das Teilen von Inhalten oder das direkte Nutzen der Dienste mit unseren Inhalten bzw. zum Besuch oder zur Interaktion mit unseren Profilen bei jenen sozialen Netzwerken und Diensten bereitgestellt.<\/p>\n\n\n\n<p>Sind Sie bei einem der sozialen Netzwerke eingeloggt, k\u00f6nnen die Anbieter durch ein Plugin den Besuch unserer Website Ihrem Profil bei dem jeweiligen sozialen Netzwerk oder Dienst unmittelbar zuordnen. Wenn Sie den entsprechenden Button benutzen, wird die entsprechende Information ebenfalls direkt an einen Server der Anbieter \u00fcbermittelt und dort gespeichert, so als h\u00e4tten Sie diese Aktion von der Website des jeweiligen sozialen Netzwerks oder Dienstes aus get\u00e4tigt.<\/p>\n\n\n\n<p>Zweck und Umfang der Datenerhebung und die weitere Verarbeitung und Nutzung der Daten durch die Anbieter sowie Ihre diesbez\u00fcglichen Rechte und Einstellungsm\u00f6glichkeiten zum Schutz Ihrer Privatsph\u00e4re entnehmen Sie bitte den unten verlinkten Datenschutzhinweisen der Anbieter.<\/p>\n\n\n\n<p>Wenn Sie nicht m\u00f6chten, dass Ihr Besuch bei uns dem jeweiligen sozialen Netzwerk oder Dienst zugeordnet werden kann, m\u00fcssen Sie sich ggf. vor Ihrem Besuch unserer Website bei dem entsprechenden Dienst abmelden.<\/p>\n\n\n\n<p>Sie k\u00f6nnen das Laden dieser Funktionalit\u00e4t externer Dienste auch mit Add-Ons f\u00fcr Ihren Browser komplett verhindern.<\/p>\n\n\n\n<p><strong>Facebook<\/strong>:<br>If you live in the USA or Canada:<br>Facebook, Inc.<br>1601 Willow Road<br>Menlo Park, CA 94025<\/p>\n\n\n\n<p>If you live anywhere else:<br>Facebook Ireland Ltd.<br>4 Grand Canal Square<br>Grand Canal Harbour<br>Dublin 2 Ireland<\/p>\n\n\n\n<p><strong>Twitter:<\/strong><br>For accounts based in the United States:<br>Twitter, Inc.<br>Attn: Privacy Policy Inquiry<br>1355 Market Street, Suite 900<br>San Francisco, CA 94103<\/p>\n\n\n\n<p>For accounts outside the United States:<br>Twitter International Company<br>Attn: Privacy Policy Inquiry<br>One Cumberland Place, Fenian Street<br>Dublin 2, D02 AX07 IRELAND<\/p>\n\n\n\n<figure class=\"wp-block-embed\"><div class=\"wp-block-embed__wrapper\">\nhttps:\/\/twitter.com\/en\/privacy\n<\/div><\/figure>\n\n\n\n<p><strong>Pinterest<\/strong>:<br>If you live in the United States:<br>Pinterest Inc.<br>651 Brannan Street<br>San Francisco, CA 94103, USA<\/p>\n\n\n\n<p>If you live outside the United States:<br>Pinterest Europe Ltd.<br>Palmerston House, 2nd Floor, Fenian Street<br>Dublin 2, Ireland.<\/p>\n\n\n\n<figure class=\"wp-block-embed\"><div class=\"wp-block-embed__wrapper\">\nhttps:\/\/policy.pinterest.com\/en-gb\/privacy-policy\n<\/div><\/figure>\n\n\n\n<p><strong>Linkedin<\/strong>:<br>For members in the United States:<br>LinkedIn Corporation<br>Attn: Legal Dept. (Privacy Policy and User Agreement)<br>1000 W. Maude Avenue<br>Sunnyvale, CA 94085<br>USA<\/p>\n\n\n\n<p>For members outside the United States:<br>LinkedIn Ireland Unlimited Company<br>Attn: Legal Dept. (Privacy Policy and User Agreement)<br>Wilton Plaza<br>Wilton Place, Dublin 2<br>Ireland<\/p>\n\n\n\n<figure class=\"wp-block-embed\"><div class=\"wp-block-embed__wrapper\">\nhttps:\/\/www.linkedin.com\/legal\/privacy-policy\n<\/div><\/figure>\n\n\n\n<p><strong>Tumblr<\/strong>:<br>Tumblr, Inc.<br>770 Broadway<br>New York, NY 10003, USA<\/p>\n\n\n\n<figure class=\"wp-block-embed\"><div class=\"wp-block-embed__wrapper\">\nhttps:\/\/www.tumblr.com\/privacy\n<\/div><\/figure>\n\n\n\n<p><strong>Google+<\/strong>:<br>Google LLC<br>1600 Amphitheatre Parkway<br>Mountain View, CA 94043, United States<\/p>\n\n\n\n<figure class=\"wp-block-embed\"><div class=\"wp-block-embed__wrapper\">\nhttps:\/\/policies.google.com\/privacy\n<\/div><\/figure>\n\n\n\n<p><strong>Print friendly<\/strong>:<\/p>\n\n\n\n<figure class=\"wp-block-embed\"><div class=\"wp-block-embed__wrapper\">\nhttps:\/\/www.printfriendly.com\/privacy\n<\/div><\/figure>\n\n\n\n<h3>Analysedienste (z.B. Google Analytics)<\/h3>\n\n\n\n<p>Wir verwenden ein Werkzeug genannt \u201cGoogle Analytics\u201d um Informationen \u00fcber Besucher dieser Website und deren Verhalten auf unserer Website zu sammeln. Google Analytics sammelt z.B. Informationen dar\u00fcber, wie oft Nutzer diese Website besuchen, welche Seiten sie dabei ansehen und welche anderen Websites sie besucht haben, bevor sie auf diese Website gelangt sind.<\/p>\n\n\n\n<p>Wir nutzen die Informationen, die wir von Google Analytics bekommen, ausschlie\u00dflich, um unsere Website zu verbessern. Wir nutzen Google Analytics mit der Einstellung anonymizeIP. Das bedeutet, dass Google Analytics zus\u00e4tzlich zu den nicht personenbezogenen Daten, die den Umgang mit unserer Website betreffen, nur eine anonymisierte Version jener IP-Adresse speichert, die Ihnen bei Ihrem jeweiligen Besuch am jeweiligen Tag zugewiesen war. Weder speichert Google Analytics oder wir Ihren Namen oder andere Informationen, aufgrund derer Sie pers\u00f6nlich identifiziert werden k\u00f6nnen, noch werden die Informationen, die durch die Nutzung von Google Analytics gesammelt wurden, mit pers\u00f6nlich identifizierbaren Informationen kombiniert. Obwohl Google Analytics ein permanentes Cookie in Ihrem Browser setzt, um Sie bei wiederholten Besuchen als eindeutigen Besucher zu identifizieren, kann das Cookie von niemandem au\u00dfer Google verwendet werden. Google\u2019s M\u00f6glichkeiten, durch Google Analytics \u00fcber Ihre Besuche auf dieser Website gesammelte Informationen zu verwenden oder weiterzugeben, werden durch die&nbsp;<a href=\"https:\/\/www.google.com\/analytics\/tos.html\" target=\"_blank\" rel=\"noreferrer noopener\">Google Analytics Terms of Use<\/a>&nbsp;und die&nbsp;<a href=\"https:\/\/policies.google.com\/privacy\" target=\"_blank\" rel=\"noreferrer noopener\">Google Privacy Policy<\/a>&nbsp;geregelt.<\/p>\n\n\n\n<p>Durch die Nutzung dieser Website erkl\u00e4ren Sie sich mit der Verarbeitung der \u00fcber Sie erhobenen Daten durch Google in der zuvor beschriebenen Art und Weise und zu dem zuvor benannten Zweck einverstanden. Sie k\u00f6nnen Google Analytics mit einem Klick auf diesen Link durch das Setzen eines Opt-Out-Cookies deaktivieren:&nbsp;<a href=\"https:\/\/www.squash2000.org\/datenschutzerklarung\/#\">Google Analytics deaktivieren<\/a>.<\/p>\n\n\n\n<p>Sie k\u00f6nnen Google Analytics auch davon abhalten, Sie bei einem erneuten Besuch einer Website wiederzuerkennen, indem Sie Cookies in Ihrem Browser deaktivieren. Sie k\u00f6nnen als Alternative auch einzelne Cookies blockieren. Dazu gibt es verschiedene Browserplugins, die je nach Browser und Analysedienst unterschiedlich sein k\u00f6nnen. Bitte beachten Sie au\u00dferdem, dass Sie auf jedem Ihrer Ger\u00e4te, das Sie zum Besuch von Websites verwenden, die Blockierung von Cookies separat aktivieren m\u00fcssen.<\/p>\n\n\n\n<h3>Andere Dienste von Google<\/h3>\n\n\n\n<p>Wir verwenden auf unserer Website folgende weitere Dienste von<br>Google LLC<br>1600 Amphitheatre Parkway<br>Mountain View, CA 94043, United States<br>die&nbsp;von der &nbsp;<a href=\"https:\/\/policies.google.com\/privacy\" target=\"_blank\" rel=\"noreferrer noopener\">Google Privacy Policy<\/a>&nbsp;geregelt sind, sowie durch etwaige zus\u00e4tzliche Bestimmungen, auf die im Folgenden hingewiesen wird:<\/p>\n\n\n\n<p><strong>Google Maps<\/strong>:<br>Wir verwenden Google Maps um Ihnen eine interaktive Karte, basierend auf dem Kartenmaterial von Google Maps, direkt auf unserer Website anbieten zu k\u00f6nnen. Dies geschieht zum Zweck der Erleichterung der Planung von Routen oder der besseren Auffindung unseres Standortes, anderer interessanter Orte, etc. Die Datenverarbeitung dieses Dienstes, der \u00fcber ein Plugin auf unserer Website eingebunden ist, findet genau so statt, als h\u00e4tten Sie z.B. unsere Adresse in einem anderen Tab oder Fenster Ihres Browsers in Google Maps eingegeben und dort Ihre Anfrage ausgef\u00fchrt. Die von Ihnen ggf. eingegebenen Daten werden dazu \u00fcber das Plugin an Google weitergeschickt, wenn dies durch die technische Konfiguration des Plugins \u00fcberhaupt eingestellt ist. Sie k\u00f6nnen diesen Transfer unterbinden, indem Sie in Ihrem Browser Javascript deaktivieren., wodurch jedoch die Kartenfunktion f\u00fcr Sie nicht mehr verf\u00fcgbar ist, und viele andere Funktionen dieser und anderer Websites stark eingeschr\u00e4nkt werden k\u00f6nnen.<\/p>\n\n\n\n<figure class=\"wp-block-embed\"><div class=\"wp-block-embed__wrapper\">\nhttps:\/\/www.google.com\/intl\/de_de\/help\/terms_maps.html\n<\/div><\/figure>\n\n\n\n<p><strong>Google reCaptcha:<\/strong><br>Wir verwenden den Dienst reCaptcha von Google, um beim Ausf\u00fcllen von Formularen auf unserer Website, z.B. beim Login oder beim Kommentieren, einen gewissen Schutz vor Mi\u00dfbr\u00e4uchlicher Nutzung durch Bots oder andere Schadsoftware zu erreichen. Dieser Dienst erm\u00f6glicht die automatisierte Unterscheidung von menschlichen und maschinellen Eingaben in Formularfelder mit anschlie\u00dfendem Versand des Formulars. Dieser Dienst bedeutet den Versand der IP-Adresse und ggf. weiterer von Google f\u00fcr den Dienst reCAPTCHA ben\u00f6tigter Daten an Google.<\/p>\n\n\n\n<p><strong>Google Translate<\/strong>:<br>Der Dienst Google Translate ist auf unserer Website f\u00fcr jene Besucher bereitgestellt, die eine andere Sprache als Deutsch bevorzugen. Wir weisen in diesem Zusammenhang darauf hin, dass die \u00dcbersetzungen durch Google Translate nicht unbedingt korrekt oder vollst\u00e4ndig sein m\u00fcssen, sondern nur als Orientierung dienen sollen. Durch das Aktivieren der \u00dcbersetzung bei der Auswahl einer Sprache wird ein zus\u00e4tzlicher Balken \u00fcber der normalen Website eingeblendet, der die Verwaltung und das Verlassen des Dienstes erm\u00f6glicht. Wir haben auf den Inhalt dieses Balkens keinen Einfluss.<\/p>\n\n\n\n<h2>Weitere Informationen<\/h2>\n\n\n\n<h3>Daten von Drittanbietern<\/h3>\n\n\n\n<p>Wir erhalten keinerlei personenbezogene Daten von Drittanbietern.<\/p>\n\n\n\n<h3>Automatisierte Entscheidungsfindung und\/oder Profilerstellung<\/h3>\n\n\n\n<p>Wir f\u00fchren keinerlei automatisierte Entscheidungsfindung und\/oder Profilerstellung mit Benutzerdaten durch.<\/p>\n\n\n\n<p><\/p>\n","protected":false},"excerpt":{"rendered":"<p>Datenschutzerkl\u00e4rung Vorbemerkung Der Schutz und die Sicherheit Ihrer Daten sind uns ein wichtiges Anliegen. Wir verarbeiten Ihre Daten nur im Rahmen der gesetzlichen Bestimmungen, insbesondere der DSGVO. Ihre bei uns gespeicherten personenbezogenen Daten werden durch geeignete technische und organisatorische Ma\u00dfnahmen &hellip;<\/p>\n<p class=\"read-more\"> <a class=\"more-link\" href=\"https:\/\/www.squash-steiermark.org\/?page_id=6692\"> <span class=\"screen-reader-text\">Datenschutz<\/span> Read More &raquo;<\/a><\/p>\n","protected":false},"author":5,"featured_media":0,"parent":59,"menu_order":1,"comment_status":"closed","ping_status":"closed","template":"","meta":[],"_links":{"self":[{"href":"https:\/\/www.squash-steiermark.org\/index.php?rest_route=\/wp\/v2\/pages\/6692"}],"collection":[{"href":"https:\/\/www.squash-steiermark.org\/index.php?rest_route=\/wp\/v2\/pages"}],"about":[{"href":"https:\/\/www.squash-steiermark.org\/index.php?rest_route=\/wp\/v2\/types\/page"}],"author":[{"embeddable":true,"href":"https:\/\/www.squash-steiermark.org\/index.php?rest_route=\/wp\/v2\/users\/5"}],"replies":[{"embeddable":true,"href":"https:\/\/www.squash-steiermark.org\/index.php?rest_route=%2Fwp%2Fv2%2Fcomments&post=6692"}],"version-history":[{"count":6,"href":"https:\/\/www.squash-steiermark.org\/index.php?rest_route=\/wp\/v2\/pages\/6692\/revisions"}],"predecessor-version":[{"id":6699,"href":"https:\/\/www.squash-steiermark.org\/index.php?rest_route=\/wp\/v2\/pages\/6692\/revisions\/6699"}],"up":[{"embeddable":true,"href":"https:\/\/www.squash-steiermark.org\/index.php?rest_route=\/wp\/v2\/pages\/59"}],"wp:attachment":[{"href":"https:\/\/www.squash-steiermark.org\/index.php?rest_route=%2Fwp%2Fv2%2Fmedia&parent=6692"}],"curies":[{"name":"wp","href":"https:\/\/api.w.org\/{rel}","templated":true}]}}