{"id":575,"date":"2013-08-28T17:18:41","date_gmt":"2013-08-28T16:18:41","guid":{"rendered":"http:\/\/squash-steiermark.org\/?page_id=575"},"modified":"2024-07-27T14:02:02","modified_gmt":"2024-07-27T12:02:02","slug":"bundesliga-herren","status":"publish","type":"page","link":"https:\/\/www.squash-steiermark.org\/?page_id=575","title":{"rendered":"Bundesliga Herren"},"content":{"rendered":"<p>Bundesliga Herren &#8211; Saison 2024\/25<\/p>\n<p>Die DUNLOP Bundesliga Austria 2024\/25 umfasst 7 Mannschaften aus \u00d6sterreich. Zwei Mannschaften kommen aus dem Bundesland Nieder\u00f6sterreich und jeweils ein aus Ober\u00f6sterreich, Tirol und der Steiermark.<\/p>\n<p>In der Steiermark tritt der Traditionsverein des Union Squash Club 2000 Graz unter Leitung von Michael Haberl an.<\/p>\n<p>Unter dem diesem <a href=\"https:\/\/www.intooli.at\/match22\/seasons\/24-25\/event\/170\/\">Link<\/a> kann man sich zu den Details zur \u00f6sterreichischen Bundesliga der Herren auf dem Laufenden halten.<\/p>\n\n\n<p><\/p>\n","protected":false},"excerpt":{"rendered":"<p>Bundesliga Herren &#8211; Saison 2024\/25 Die DUNLOP Bundesliga Austria 2024\/25 umfasst 7 Mannschaften aus \u00d6sterreich. Zwei Mannschaften kommen aus dem Bundesland Nieder\u00f6sterreich und jeweils ein aus Ober\u00f6sterreich, Tirol und der Steiermark. In der Steiermark tritt der Traditionsverein des Union Squash &hellip;<\/p>\n<p class=\"read-more\"> <a class=\"more-link\" href=\"https:\/\/www.squash-steiermark.org\/?page_id=575\"> <span class=\"screen-reader-text\">Bundesliga Herren<\/span> Read More &raquo;<\/a><\/p>\n","protected":false},"author":1,"featured_media":0,"parent":46,"menu_order":2,"comment_status":"closed","ping_status":"open","template":"","meta":[],"_links":{"self":[{"href":"https:\/\/www.squash-steiermark.org\/index.php?rest_route=\/wp\/v2\/pages\/575"}],"collection":[{"href":"https:\/\/www.squash-steiermark.org\/index.php?rest_route=\/wp\/v2\/pages"}],"about":[{"href":"https:\/\/www.squash-steiermark.org\/index.php?rest_route=\/wp\/v2\/types\/page"}],"author":[{"embeddable":true,"href":"https:\/\/www.squash-steiermark.org\/index.php?rest_route=\/wp\/v2\/users\/1"}],"replies":[{"embeddable":true,"href":"https:\/\/www.squash-steiermark.org\/index.php?rest_route=%2Fwp%2Fv2%2Fcomments&post=575"}],"version-history":[{"count":21,"href":"https:\/\/www.squash-steiermark.org\/index.php?rest_route=\/wp\/v2\/pages\/575\/revisions"}],"predecessor-version":[{"id":8503,"href":"https:\/\/www.squash-steiermark.org\/index.php?rest_route=\/wp\/v2\/pages\/575\/revisions\/8503"}],"up":[{"embeddable":true,"href":"https:\/\/www.squash-steiermark.org\/index.php?rest_route=\/wp\/v2\/pages\/46"}],"wp:attachment":[{"href":"https:\/\/www.squash-steiermark.org\/index.php?rest_route=%2Fwp%2Fv2%2Fmedia&parent=575"}],"curies":[{"name":"wp","href":"https:\/\/api.w.org\/{rel}","templated":true}]}}