{"id":4833,"date":"2017-03-13T22:22:25","date_gmt":"2017-03-13T20:22:25","guid":{"rendered":"http:\/\/squash-steiermark.org\/?page_id=4833"},"modified":"2017-03-13T22:23:24","modified_gmt":"2017-03-13T20:23:24","slug":"geschichte-des-squashsports","status":"publish","type":"page","link":"https:\/\/www.squash-steiermark.org\/?page_id=4833","title":{"rendered":"Geschichte des Squashsports"},"content":{"rendered":"<h5>PRESSEMITTEILUNG &#8220;Geschichte des Squash Sportes&#8221;<\/h5>\n<p style=\"text-align: justify;\">Squash wurde in der Harrow-Schule um 1830 erfunden, als die Sch\u00fcler entdeckten, dass ein punktierter Ball des Spieles Rackets, der beim Aufprall mit der Wand &#8220;zerquetscht&#8221; wurde, ein Spiel mit einer gr\u00f6\u00dferen technischen Raffinesse bedurfte, und viel mehr Technik seitens der Spieler ben\u00f6tigte, Die Variante des Racket Spieles erwies sich als popul\u00e4r und im Jahre 1864 wurden die ersten vier Squash-Pl\u00e4tze an der Schule gebaut und Squash wurde offiziell als eigenst\u00e4ndiger Sport gegr\u00fcndet.<\/p>\n<p style=\"text-align: justify;\">In den fr\u00fchen Jahren des Sports gab es keinen Verband und keine festgeschriebenen Regeln, so haben sich in den ersten Jahren in Europa ein Spiel mit weichem Gummiball auf Courts mit 640cm Breite und in USA ein Spiel mit hartem Gummiball auf 540cm breiten Courts parallel entwickelt.<\/p>\n<h5>Die Entwicklung SQUASH in Europa\/\u00c4gypten\/Pakistan (Softball)<\/h5>\n<p style=\"text-align: justify;\">Die erste professionelle Squash-Meisterschaft fand 1920 in England statt, als C.R. Read (Queens Club) gegen A.W.B. Johnson (RAC Club) um den Titel spielte.<\/p>\n<p style=\"text-align: justify;\">Als das Squash-Spiel sich rasant verbreitet, entwickelte sich auch eine Verbandsstruktur. Die ersten nationalen Squash-Verb\u00e4nde, die gegr\u00fcndet wurden, waren der United States Squash Tennis Racket-Verband im Jahre 1907 und der kanadische Squash-Racket-Verband im Jahre 1911. In England wurde das Spiel durch einen Squash-Unterausschu\u00df des Tennis- und Rackets-Verband von 1908 geregelt, bis es 1928 den vollen Status als Squash-Rackets Association erhielt.<\/p>\n<p style=\"text-align: justify;\">Ein Squashcourt, der im Bath Club in London zu Beginn des 20. Jahrhunderts gebaut wurde, wurde als Modell f\u00fcr die Standardgr\u00f6\u00dfe eines Squash-Platzes, mit einer Gr\u00f6\u00dfe von 9,75 Meter x 6,4 Meter gew\u00e4hlt.<\/p>\n<p style=\"text-align: justify;\">Der \u00e4gyptische Spieler F.D. Amr Bey, gewann 1933 die erste seiner f\u00fcnf British Open Squash Championship Titeln, die damals die Weltmeisterschaften waren; nach dem 2.Weltkrieg folgte ihm M.A. Karim aus \u00c4gypten nach, der den Titel von 1947 bis 1950 viermal holte. Dann kam die den Sport dominierende Khan-Dynastie aus Pakistan; Hashim Khan (1951-1958), Roshan Khan (1957), Azam Khan (1959-1962), Mohibullah Khan (1963), Jahangir Khan (1982-1992) und Jansher Khan (1993-1994).<\/p>\n<p style=\"text-align: justify;\">Das British Squash Open der Frauen begann sogar fr\u00fcher als das der M\u00e4nner; J.I. H\u00f6hle gewann den Titel im Jahr 1922. Bis 1960 geh\u00f6rte der Titel ausschlie\u00dflich englischen Spielern, Janet Morgan (sp\u00e4ter Shardlow) gewann 10 Mal zwischen 1950 und 1958. Sie wurde von der ber\u00fchmtesten Squashspielerin dieser Zeit abgel\u00f6st, die Australierin Heather McKay, sie dominierte den Sport von 1966 bis 1977 und blieb w\u00e4hrend ihrer ganzen Karriere als unbesiegt. Ihre Nachfolgerin war die Neuseel\u00e4nderin, Susan Devoy, die zwischen 1984 und 1992 den Titel 8 Mal gewann.<\/p>\n<p style=\"text-align: justify;\">Die Spieler, welche den gr\u00f6\u00dften Einfluss auf die Entwicklung des Sports hatten, waren Jonah Barrington (Irland) und Geoff Hunt (Australien). Sie dominierten Squash zwischen den sp\u00e4ten 1960er und fr\u00fchen 1980er Jahren, zu dieser Zeit begann ein wahrer weltweiter Boom um die Sportart: die Anzahl der Courts stieg in kurzer Zeit bis 1994 auf 46.000 weltweit und die Zahl der Spieler auf \u00fcber 15 Millionen.<\/p>\n<h5>Die Entwicklung SQUASH in Deutschland\/\u00d6sterreich<\/h5>\n<p style=\"text-align: justify;\"><strong>In Deutschland<\/strong> wurde Squash zweimal geboren Die erste Wiege war in Berlin im Jahr 1930, als die ersten vier Courts von Dr. Ernst von Siemens, Leiter des Elektronikunternehmens, das seinen Namen trug, gebaut wurden, und er regelm\u00e4\u00dfig begann Mitarbeiter- und sogar internationale Turniere abzuhalten. Andere Courts folgten, aber w\u00e4hrend des Krieges wurden alle f\u00fcr andere Zwecke verwendet und zum Beispiel erst 1978 die Siemens-Courts wieder benutzt.<\/p>\n<p style=\"text-align: justify;\">Die Initiative f\u00fcr die Wiedergeburt in Deutschland kam 1970 von Christhof Viscount Vitzthum, der den Sport in Australien entdeckt hatte, und begann, Squash zu f\u00f6rdern und die Courts zu renovieren. Der Hamburger Kaufmann Henning Harders, wurde in Australien vom Squash-Bazillus angesteckt und baute 3 Courts in seiner Heimatstadt, aus diesen Aktivit\u00e4ten heraus, war es eine Gruppe von Hamburger Spielern, die 1973 die deutsche SRA gr\u00fcndete und ein Team zur Europameisterschaft nach Stockholm im Jahr 1974 sandte.<\/p>\n<p style=\"text-align: justify;\">Zwei Jahre nach der Gr\u00fcndung der deutschen SRA wurden die ersten Nationalmeisterschaften abgehalten und in wenigen Jahren gab es \u00fcber 6000 Pl\u00e4tze und 2 Millionen Spieler in Deutschland &#8211; der spektakul\u00e4rste Wachstum von Squash in der langen Geschichte.<\/p>\n<p style=\"text-align: justify;\"><strong>In \u00d6sterreich<\/strong> wurden die ersten vier Courts 1975 in einem Zelt der Wiener Gartenausstellung WIG 74 in Wien Oberlaa errichtet. Erste \u00d6-Meister wurden 1978 H.W. Selden bei den Herren und Silvia Seidl bei den Damen. 1978 entstanden weitere Squashanlagen in Wien und der \u00d6sterreichische Squashverband wurde gegr\u00fcndet. Ab 1991 wurden regelm\u00e4\u00dfig Squashteams zur EM und WM entsendet. Herausragende Spieler in \u00d6sterreich waren in der Vergangenheit<\/p>\n<p style=\"text-align: left;\"><strong><em>Pamela Pancis,<\/em><\/strong> Salzburg (16 x \u00d6sterr. Meisterin, beste Weltranglisten Platzierung Top 30)<br \/>\n<strong><em>Birgit Coufal,<\/em><\/strong> Wien (10 x \u00d6sterr. Meisterin beste Weltranglisten Platzierung #51)<\/p>\n<p style=\"text-align: left;\"><strong><em>Clemens Wallishauser,<\/em><\/strong> Wien (3x \u00d6sterr. Meister, beste Weltranglisten Platzierung #77)<br \/>\n<strong><em>Aqeel Rehman,<\/em><\/strong> Salzburg (11x \u00d6sterr. Meister, beste Weltranglisten Platzierung #82)<\/p>\n<p style=\"text-align: justify;\">Um das Jahr 2000 gab es in \u00d6sterreich 500 Courts (ca. 70 davon in Graz) und gesch\u00e4tzte 300.000 aktive Squashspieler. Heute sind es ca. 250 Courts und 100.000 aktive Spieler.<\/p>\n<p>Wien, den 15.02.2017<\/p>\n","protected":false},"excerpt":{"rendered":"<p>PRESSEMITTEILUNG &#8220;Geschichte des Squash Sportes&#8221; Squash wurde in der Harrow-Schule um 1830 erfunden, als die Sch\u00fcler entdeckten, dass ein punktierter Ball des Spieles Rackets, der beim Aufprall mit der Wand &#8220;zerquetscht&#8221; wurde, ein Spiel mit einer gr\u00f6\u00dferen technischen Raffinesse bedurfte, &hellip;<\/p>\n<p class=\"read-more\"> <a class=\"more-link\" href=\"https:\/\/www.squash-steiermark.org\/?page_id=4833\"> <span class=\"screen-reader-text\">Geschichte des Squashsports<\/span> Read More &raquo;<\/a><\/p>\n","protected":false},"author":1,"featured_media":0,"parent":11,"menu_order":20,"comment_status":"closed","ping_status":"closed","template":"full-width-page.php","meta":[],"_links":{"self":[{"href":"https:\/\/www.squash-steiermark.org\/index.php?rest_route=\/wp\/v2\/pages\/4833"}],"collection":[{"href":"https:\/\/www.squash-steiermark.org\/index.php?rest_route=\/wp\/v2\/pages"}],"about":[{"href":"https:\/\/www.squash-steiermark.org\/index.php?rest_route=\/wp\/v2\/types\/page"}],"author":[{"embeddable":true,"href":"https:\/\/www.squash-steiermark.org\/index.php?rest_route=\/wp\/v2\/users\/1"}],"replies":[{"embeddable":true,"href":"https:\/\/www.squash-steiermark.org\/index.php?rest_route=%2Fwp%2Fv2%2Fcomments&post=4833"}],"version-history":[{"count":12,"href":"https:\/\/www.squash-steiermark.org\/index.php?rest_route=\/wp\/v2\/pages\/4833\/revisions"}],"predecessor-version":[{"id":4846,"href":"https:\/\/www.squash-steiermark.org\/index.php?rest_route=\/wp\/v2\/pages\/4833\/revisions\/4846"}],"up":[{"embeddable":true,"href":"https:\/\/www.squash-steiermark.org\/index.php?rest_route=\/wp\/v2\/pages\/11"}],"wp:attachment":[{"href":"https:\/\/www.squash-steiermark.org\/index.php?rest_route=%2Fwp%2Fv2%2Fmedia&parent=4833"}],"curies":[{"name":"wp","href":"https:\/\/api.w.org\/{rel}","templated":true}]}}