{"id":4550,"date":"2016-10-08T12:10:28","date_gmt":"2016-10-08T10:10:28","guid":{"rendered":"http:\/\/squash-steiermark.org\/?page_id=4550"},"modified":"2016-10-08T12:30:11","modified_gmt":"2016-10-08T10:30:11","slug":"201516-2","status":"publish","type":"page","link":"https:\/\/www.squash-steiermark.org\/?page_id=4550","title":{"rendered":"2015\/16"},"content":{"rendered":"<ul>\n<li><a href=\"#Ergebnisse\">Ergebnisse<\/a><\/li>\n<li><a href=\"#Mannschaften_1K_2015\">Mannschaften<\/a><\/li>\n<\/ul>\n<h2>Sieger Squash Paradies<\/h2>\n<p style=\"text-align: justify;\">Diesmal ganz knapp und auf Sch\u00fctzenhilfe angewiesen konnte Squash Paradies den Titel vom Vorjahr best\u00e4tigen. Aber abgerechnet wird zum Schluss, und so haben Armin F\u00f6ssl, Fayz Awqati, Markus Waldner, Robert Holzapfel, Julia Pfurtscheller, Patrick Rieber, Edwin Sch\u00f6nfelder und Johann Kapun gemeinsam mit Koko, dem Urgestein in Sachen Squash, den Titel erfolgreich verteidigt.<\/p>\n<figure id=\"attachment_4351\" aria-describedby=\"caption-attachment-4351\" style=\"width: 300px\" class=\"wp-caption aligncenter\"><a href=\"https:\/\/www.squash-steiermark.org\/wp-content\/uploads\/2016\/04\/2015_1K_Finale_-022-e1459558576590.jpg\" rel=\"attachment wp-att-4351\"><img loading=\"lazy\" src=\"https:\/\/www.squash-steiermark.org\/wp-content\/uploads\/2016\/04\/2015_1K_Finale_-022-300x200.jpg\" alt=\"1. Platz Paradies \/ Robert, Pr\u00e4s. Holzer, Koko, (Armin, Fayz, Markus, Julia, Pranay, Edwin, Johann)\" width=\"300\" height=\"200\" class=\"size-medium wp-image-4351\" \/><\/a><figcaption id=\"caption-attachment-4351\" class=\"wp-caption-text\">1. Platz Paradies \/ Robert, Pr\u00e4s. Holzer, Koko, (Armin, Fayz, Markus, Julia, Pranay, Edwin, Johann)<\/figcaption><\/figure>\n<p><a href=\"https:\/\/www.squash-steiermark.org\/?p=4353\">zum Bericht 1. Klasse &#8211; Sieger Squash Paradies<\/a><\/p>\n<hr>\n<p><a name=\"Ergebnisse\"><\/a><\/p>\n<p>&nbsp;<\/p>\n<h3>Ergebnisse<\/h3>\n<p><a href=\"#scroll-top\"><em>nach oben<\/em><\/a><\/p>\n<ul>\n<li><a href=\"https:\/\/www.squash-steiermark.org\/wp-content\/uploads\/2013\/06\/2015_1K_Runde_01.pdf\" title=\"Ergebnisse Runde 1\">Runde 1<\/a><\/li>\n<li><a href=\"https:\/\/www.squash-steiermark.org\/wp-content\/uploads\/2013\/06\/2015_1K_Runde_02a.pdf\" title=\"Ergebnisse Runde 2\">Runde 2<\/a><\/li>\n<li><a href=\"https:\/\/www.squash-steiermark.org\/wp-content\/uploads\/2013\/06\/2015_1KRunde_03.pdf\" title=\"Ergebnisse Runde 3\">Runde 3<\/a><\/li>\n<li><a href=\"https:\/\/www.squash-steiermark.org\/wp-content\/uploads\/2013\/06\/2015_1KRunde_04.pdf\" title=\"Ergebnisse Runde 4\">Runde 4<\/a><\/li>\n<li><a href=\"https:\/\/www.squash-steiermark.org\/wp-content\/uploads\/2013\/06\/2015_1K_Runde_5.pdf\" title=\"Ergebnisse Runde 5\">Runde 5<\/a><\/li>\n<li><a href=\"https:\/\/www.squash-steiermark.org\/wp-content\/uploads\/2013\/06\/2015_1K_Runde_6.pdf\" title=\"Ergebnisse Runde 6\">Runde 6<\/a><\/li>\n<li><a href=\"https:\/\/www.squash-steiermark.org\/wp-content\/uploads\/2013\/06\/2015_1K_Runde_7.pdf\" title=\"Ergebnisse Runde 7\">Runde 7<\/a><\/li>\n<li><a href=\"https:\/\/www.squash-steiermark.org\/wp-content\/uploads\/2013\/06\/2015_1K_Runde_8.pdf\" title=\"Ergebnisse Runde 8\">Runde 8<\/a><\/li>\n<\/ul>\n<hr>\n<p><a name=\"Mannschaften_1K_2015\"><\/a><\/p>\n<p>&nbsp;<\/p>\n<h3>Mannschaften 1. Klasse 2015\/16<\/h3>\n<p><a href=\"#scroll-top\"><em>nach oben<\/em><\/a><\/p>\n<ul>\n<li>\n<h4><strong>Gleisdorf<\/strong><\/h4>\n<ol>\n<li>Engelmaier Hermann<\/li>\n<li>Schwarzenberger Horst (MF)<\/li>\n<li>Lechner Thomas<\/li>\n<li>Mei\u00dfl Martina<\/li>\n<li>Schruf Klaus<\/li>\n<li>Fritz Matthias<\/li>\n<\/ol>\n<\/li>\n<li>\n<h4><strong>USI<\/strong><\/h4>\n<ol>\n<li>Amberger Christian<\/li>\n<li>Moitzi Michael<\/li>\n<li>Hoflehner Michael<\/li>\n<li>Boisits Anna<\/li>\n<li>Meister Karl (MF)<\/li>\n<li>Zopper Thomas<\/li>\n<li>Aumann Maria *<\/li>\n<\/ol>\n<\/li>\n<li>\n<h4><strong>Club Squash Paradies<\/strong><\/h4>\n<ol>\n<li>F\u00f6ssl Armin<\/li>\n<li>Awqati Fayz<\/li>\n<li>Waldner Markus<\/li>\n<li>Holzapfel Robert (MF)<\/li>\n<li>Pfurtscheller Julia *<\/li>\n<li>Sanklecha Pranay<\/li>\n<li>Rieber Patrick *<\/li>\n<li>Sch\u00f6nfelder Edwin<\/li>\n<\/ol>\n<\/li>\n<li>\n<h4><strong>UWK <a href=\"https:\/\/www.facebook.com\/UWKVerveSquash?fref=ts\" title=\"UWK Verve\" target=\"_blank\">Verve<\/a><\/strong><\/h4>\n<ol>\n<li>Horvat Boris (MF)<\/li>\n<li>Angerer Bernd<\/li>\n<li>Eibisberger Kurt<\/li>\n<li>Werner Miklos<\/li>\n<li>Hinterdorfer Martin<\/li>\n<li>Ruhri Franz<\/li>\n<li>Braunagl Gabriel<\/li>\n<\/ol>\n<\/li>\n<li>\n<h4><strong>UWK Kardamint<\/strong><\/h4>\n<ol>\n<li>Grinschgl-Royer Gerwin<\/li>\n<li>Duller Stephan (MF)<\/li>\n<li>Weber Christoph<\/li>\n<li>Duller Matthias<\/li>\n<li>Kleinb\u00f6ck Roman<\/li>\n<\/ol>\n<\/li>\n<li>\n<h4><strong>UWK Jugend<\/strong><\/h4>\n<ol>\n<li>Schatz Manuel<\/li>\n<li>B\u00e4umel Herwig (MF)<\/li>\n<li>Koschell Matthias<\/li>\n<li>Arzl Simon<\/li>\n<li>Sauer Johannes<\/li>\n<li>Grafeneder Jonas<\/li>\n<li>Likawetz Matthias<\/li>\n<\/ol>\n<\/li>\n<\/ul>\n<p>&nbsp;<\/p>\n<p>*: <em><span style=\"font-size:75%\">Nachnennung<\/span><\/em><\/p>\n<hr>\n","protected":false},"excerpt":{"rendered":"<p>Ergebnisse Mannschaften Sieger Squash Paradies Diesmal ganz knapp und auf Sch\u00fctzenhilfe angewiesen konnte Squash Paradies den Titel vom Vorjahr best\u00e4tigen. Aber abgerechnet wird zum Schluss, und so haben Armin F\u00f6ssl, Fayz Awqati, Markus Waldner, Robert Holzapfel, Julia Pfurtscheller, Patrick Rieber, &hellip;<\/p>\n<p class=\"read-more\"> <a class=\"more-link\" href=\"https:\/\/www.squash-steiermark.org\/?page_id=4550\"> <span class=\"screen-reader-text\">2015\/16<\/span> Read More &raquo;<\/a><\/p>\n","protected":false},"author":1,"featured_media":0,"parent":123,"menu_order":21,"comment_status":"closed","ping_status":"closed","template":"","meta":[],"_links":{"self":[{"href":"https:\/\/www.squash-steiermark.org\/index.php?rest_route=\/wp\/v2\/pages\/4550"}],"collection":[{"href":"https:\/\/www.squash-steiermark.org\/index.php?rest_route=\/wp\/v2\/pages"}],"about":[{"href":"https:\/\/www.squash-steiermark.org\/index.php?rest_route=\/wp\/v2\/types\/page"}],"author":[{"embeddable":true,"href":"https:\/\/www.squash-steiermark.org\/index.php?rest_route=\/wp\/v2\/users\/1"}],"replies":[{"embeddable":true,"href":"https:\/\/www.squash-steiermark.org\/index.php?rest_route=%2Fwp%2Fv2%2Fcomments&post=4550"}],"version-history":[{"count":9,"href":"https:\/\/www.squash-steiermark.org\/index.php?rest_route=\/wp\/v2\/pages\/4550\/revisions"}],"predecessor-version":[{"id":4564,"href":"https:\/\/www.squash-steiermark.org\/index.php?rest_route=\/wp\/v2\/pages\/4550\/revisions\/4564"}],"up":[{"embeddable":true,"href":"https:\/\/www.squash-steiermark.org\/index.php?rest_route=\/wp\/v2\/pages\/123"}],"wp:attachment":[{"href":"https:\/\/www.squash-steiermark.org\/index.php?rest_route=%2Fwp%2Fv2%2Fmedia&parent=4550"}],"curies":[{"name":"wp","href":"https:\/\/api.w.org\/{rel}","templated":true}]}}