{"id":4546,"date":"2016-10-08T11:37:09","date_gmt":"2016-10-08T09:37:09","guid":{"rendered":"http:\/\/squash-steiermark.org\/?page_id=4546"},"modified":"2016-10-08T12:29:24","modified_gmt":"2016-10-08T10:29:24","slug":"201516-2","status":"publish","type":"page","link":"https:\/\/www.squash-steiermark.org\/?page_id=4546","title":{"rendered":"2015\/16"},"content":{"rendered":"<ul>\n<li><a href=\"#Ergebnisse\">Ergebnisse<\/a><\/li>\n<li><a href=\"#Mannschaften_LL_2015\">Mannschaften<\/a><\/li>\n<\/ul>\n<h2>LL &#8211; Sieger Waltendorf<\/h2>\n<p style=\"text-align: justify;\">Mit dem kleinsten Kader den gr\u00f6\u00dftm\u00f6glichen Erfolg, das schafften die Mannen rund um Thomas Tropper bereits das dritte Mal in Serie. Christoph Kiedl, Philip Pointner Christof Bartosch, Thomas Tropper und Hannes Tropper hei\u00dft das erfolgsverw\u00f6hnte Team. Nicht nur im Squash auch im Tennis sind sie ein erfolgreiches Team. Gratulation an alle.<\/p>\n<figure id=\"attachment_4273\" aria-describedby=\"caption-attachment-4273\" style=\"width: 300px\" class=\"wp-caption aligncenter\"><a href=\"https:\/\/www.squash-steiermark.org\/wp-content\/uploads\/2016\/03\/2016_LL_Finale_-022.jpg\" rel=\"attachment wp-att-4273\"><img loading=\"lazy\" class=\"size-medium wp-image-4273\" src=\"https:\/\/www.squash-steiermark.org\/wp-content\/uploads\/2016\/03\/2016_LL_Finale_-022-300x200.jpg\" alt=\"Christof, Christoph, Thomas, Philip, Hannes\" width=\"300\" height=\"200\" srcset=\"https:\/\/www.squash-steiermark.org\/wp-content\/uploads\/2016\/03\/2016_LL_Finale_-022-300x200.jpg 300w, https:\/\/www.squash-steiermark.org\/wp-content\/uploads\/2016\/03\/2016_LL_Finale_-022-768x512.jpg 768w, https:\/\/www.squash-steiermark.org\/wp-content\/uploads\/2016\/03\/2016_LL_Finale_-022.jpg 1024w, https:\/\/www.squash-steiermark.org\/wp-content\/uploads\/2016\/03\/2016_LL_Finale_-022-100x67.jpg 100w, https:\/\/www.squash-steiermark.org\/wp-content\/uploads\/2016\/03\/2016_LL_Finale_-022-150x100.jpg 150w, https:\/\/www.squash-steiermark.org\/wp-content\/uploads\/2016\/03\/2016_LL_Finale_-022-200x133.jpg 200w, https:\/\/www.squash-steiermark.org\/wp-content\/uploads\/2016\/03\/2016_LL_Finale_-022-450x300.jpg 450w, https:\/\/www.squash-steiermark.org\/wp-content\/uploads\/2016\/03\/2016_LL_Finale_-022-600x400.jpg 600w, https:\/\/www.squash-steiermark.org\/wp-content\/uploads\/2016\/03\/2016_LL_Finale_-022-900x600.jpg 900w\" sizes=\"(max-width: 300px) 100vw, 300px\" \/><\/a><figcaption id=\"caption-attachment-4273\" class=\"wp-caption-text\">Christof, Christoph, Thomas, Philip, Hannes<\/figcaption><\/figure>\n<p><a href=\"https:\/\/www.squash-steiermark.org\/?p=4272\">zum Bericht Sieger LL 2015\/16<\/a><\/p>\n<p><a name=\"Ergebnisse\"><\/a><\/p>\n<p>&nbsp;<\/p>\n<h3>Ergebnisse<\/h3>\n<p><a href=\"#scroll-top\"><em>nach oben<\/em><\/a><\/p>\n<ul>\n<li><a title=\"Ergebnisse Runde 1\" href=\"https:\/\/www.squash-steiermark.org\/wp-content\/uploads\/2013\/06\/2015_LL_Runde_01.pdf\">Runde 1<\/a><\/li>\n<li><a title=\"Ergebnisse Runde 2\" href=\"https:\/\/www.squash-steiermark.org\/wp-content\/uploads\/2013\/06\/2015_LL_Runde_02.pdf\">Runde 2<\/a><\/li>\n<li><a title=\"Ergebnisse Runde 3\" href=\"https:\/\/www.squash-steiermark.org\/wp-content\/uploads\/2013\/06\/2015_LLRunde_03.pdf\">Runde 3<\/a><\/li>\n<li><a title=\"Ergebnisse Runde 4\" href=\"https:\/\/www.squash-steiermark.org\/wp-content\/uploads\/2013\/06\/2015_LLRunde_04.pdf\">Runde 4<\/a><\/li>\n<li><a title=\"Ergebnisse Runde 5\" href=\"https:\/\/www.squash-steiermark.org\/wp-content\/uploads\/2013\/06\/2015_LLRunde_05.pdf\">Runde 5<\/a><\/li>\n<li><a title=\"Ergebnisse Runde 6\" href=\"https:\/\/www.squash-steiermark.org\/wp-content\/uploads\/2013\/06\/2015_LLRunde_06.pdf\">Runde 6<\/a><\/li>\n<li><a title=\"Ergebnisse Runde 7\" href=\"https:\/\/www.squash-steiermark.org\/wp-content\/uploads\/2013\/06\/2015_LLRunde_07.pdf\">Runde 7<\/a><\/li>\n<li><a title=\"Ergebnisse Runde 8\" href=\"https:\/\/www.squash-steiermark.org\/wp-content\/uploads\/2013\/06\/2015_LLRunde_08a.pdf\">Runde 8<\/a><\/li>\n<li><a title=\"Ergebnisse Runde 9\" href=\"https:\/\/www.squash-steiermark.org\/wp-content\/uploads\/2013\/06\/2015_LLRunde_09.pdf\">Runde 9<\/a><\/li>\n<li><a title=\"Ergebnisse Runde 10\" href=\"https:\/\/www.squash-steiermark.org\/wp-content\/uploads\/2013\/06\/2015_LLRunde_10.pdf\">Runde 10<\/a><\/li>\n<li><a title=\"Ergebnisse Runde 11\" href=\"https:\/\/www.squash-steiermark.org\/wp-content\/uploads\/2013\/06\/2015_LL_Runde_11.pdf\">Runde 11<\/a><\/li>\n<li><a title=\"Ergebnisse Runde 12\" href=\"https:\/\/www.squash-steiermark.org\/wp-content\/uploads\/2013\/06\/2015_LL_Runde_12.pdf\">Runde 12<\/a><\/li>\n<\/ul>\n<hr \/>\n<p><a name=\"Mannschaften_LL_2015\"><\/a><\/p>\n<p>&nbsp;<\/p>\n<h3>Mannschaften LL 2015\/16<\/h3>\n<p><a href=\"#scroll-top\"><em>nach oben<\/em><\/a><\/p>\n<ul>\n<li>\n<h4>Klagenfurt<\/h4>\n<ol>\n<li>Kogler Stefan<\/li>\n<li>Djurovic Andjija<\/li>\n<li>Slamanig Martin *<\/li>\n<li>F\u00f6ssl Armin<\/li>\n<li>Kriegner Michael (MF)<\/li>\n<li>Pirker Markus *<\/li>\n<li>Petry Martin<\/li>\n<\/ol>\n<\/li>\n<li>\n<h4>USC 2000 Hartberg<\/h4>\n<ol>\n<li>Schedlbauer Gerhard<\/li>\n<li>Kainz Andreas<\/li>\n<li>Wagner-Petschauer Bernard (MF)<\/li>\n<li>Habenbacher Hans<\/li>\n<li>Andrekowitsch Gregor<\/li>\n<li>Wolf Christian *<\/li>\n<li>Karacsonyi Michael<\/li>\n<\/ol>\n<\/li>\n<li>\n<h4>USC 2000 M\u00e4dels<\/h4>\n<ol>\n<li>Van der Merwe Rehan<\/li>\n<li>Curzon-Bruton David<\/li>\n<li>Haberl Michael<\/li>\n<li>Winkler Ines<\/li>\n<li>Krassnigg Theresa (MF)<\/li>\n<li>Van der Merwe Judith<\/li>\n<li>Stoisser Peter<\/li>\n<li>Seiner Birgit<\/li>\n<li>Mei\u00dfl Martina<\/li>\n<\/ol>\n<\/li>\n<li>\n<h4>Club Squash Paradies<\/h4>\n<ol>\n<li>Repija Zoran<\/li>\n<li>Munro Neil<\/li>\n<li>Ruprecht Othmar (MF)<\/li>\n<li>Budna Philipp<\/li>\n<li>Kessler Stefan<\/li>\n<\/ol>\n<\/li>\n<li>\n<h4>UWK Team HEAD<\/h4>\n<ol>\n<li>Tasnadi Gabor<\/li>\n<li>Foxhall Nigel<\/li>\n<li>Koller Richard (MF)<\/li>\n<li>Schatz Manuel<\/li>\n<li>Faschauner Stefan *<\/li>\n<li>B\u00e4umel Herwig<\/li>\n<\/ol>\n<\/li>\n<li>\n<h4>USC 2000 Waltendorf<\/h4>\n<ol>\n<li>Kiedl Christoph<\/li>\n<li>Pointner Philip<\/li>\n<li>Bartosch Christof<\/li>\n<li>Tropper Thomas (MF)<\/li>\n<li>Tropper Hannes<\/li>\n<\/ol>\n<\/li>\n<li>\n<h4>UWK Kardamint<\/h4>\n<ol>\n<li>Pfeifer Klaus<\/li>\n<li>Oberhemm Philipe<\/li>\n<li>Cerny Christoph<\/li>\n<li>Schein Christian<\/li>\n<li>Spindler Franz (MF)<\/li>\n<li>Duller Stephan<\/li>\n<\/ol>\n<\/li>\n<\/ul>\n<p>*: <em><span style=\"font-size: 75%;\">Nachnennung<\/span><\/em><\/p>\n<hr \/>\n","protected":false},"excerpt":{"rendered":"<p>Ergebnisse Mannschaften LL &#8211; Sieger Waltendorf Mit dem kleinsten Kader den gr\u00f6\u00dftm\u00f6glichen Erfolg, das schafften die Mannen rund um Thomas Tropper bereits das dritte Mal in Serie. Christoph Kiedl, Philip Pointner Christof Bartosch, Thomas Tropper und Hannes Tropper hei\u00dft das &hellip;<\/p>\n<p class=\"read-more\"> <a class=\"more-link\" href=\"https:\/\/www.squash-steiermark.org\/?page_id=4546\"> <span class=\"screen-reader-text\">2015\/16<\/span> Read More &raquo;<\/a><\/p>\n","protected":false},"author":1,"featured_media":0,"parent":121,"menu_order":21,"comment_status":"closed","ping_status":"closed","template":"","meta":[],"_links":{"self":[{"href":"https:\/\/www.squash-steiermark.org\/index.php?rest_route=\/wp\/v2\/pages\/4546"}],"collection":[{"href":"https:\/\/www.squash-steiermark.org\/index.php?rest_route=\/wp\/v2\/pages"}],"about":[{"href":"https:\/\/www.squash-steiermark.org\/index.php?rest_route=\/wp\/v2\/types\/page"}],"author":[{"embeddable":true,"href":"https:\/\/www.squash-steiermark.org\/index.php?rest_route=\/wp\/v2\/users\/1"}],"replies":[{"embeddable":true,"href":"https:\/\/www.squash-steiermark.org\/index.php?rest_route=%2Fwp%2Fv2%2Fcomments&post=4546"}],"version-history":[{"count":7,"href":"https:\/\/www.squash-steiermark.org\/index.php?rest_route=\/wp\/v2\/pages\/4546\/revisions"}],"predecessor-version":[{"id":4563,"href":"https:\/\/www.squash-steiermark.org\/index.php?rest_route=\/wp\/v2\/pages\/4546\/revisions\/4563"}],"up":[{"embeddable":true,"href":"https:\/\/www.squash-steiermark.org\/index.php?rest_route=\/wp\/v2\/pages\/121"}],"wp:attachment":[{"href":"https:\/\/www.squash-steiermark.org\/index.php?rest_route=%2Fwp%2Fv2%2Fmedia&parent=4546"}],"curies":[{"name":"wp","href":"https:\/\/api.w.org\/{rel}","templated":true}]}}