{"id":416,"date":"2013-08-20T20:32:38","date_gmt":"2013-08-20T19:32:38","guid":{"rendered":"http:\/\/squash-steiermark.org\/?page_id=416"},"modified":"2024-12-09T10:32:20","modified_gmt":"2024-12-09T08:32:20","slug":"impressum","status":"publish","type":"page","link":"https:\/\/www.squash-steiermark.org\/?page_id=416","title":{"rendered":"Impressum"},"content":{"rendered":"<h2>StSRV &#8211; Impressum \/ Kontakt<br \/>\nZVR: 863571938<\/h2>\n<h4>Postanschrift: stsrv@gmx.at<\/h4>\n<p>Pr\u00e4sidentin:\u00a0Mag. Birgit Seiner,\u00a0E-Mail: Birgit <a href=\"stsrv@gmx.at\">S<\/a><a style=\"font-size: inherit; letter-spacing: -0.015em;\" href=\"stsrv@gmx.at\">einer<\/a><br \/>\nKassier: DI. Georg Winkler<br \/>\nSchriftf\u00fchrerin: Dr. Ines Winkler<br \/>\nSchiedsgericht: Dr. Christian Wolf, Peter Stoisser und Mag. Uwe Lackner<br \/>\nKassapr\u00fcfer: Ren\u00e9 Kramer,\u00a0 Dr. Mag. G\u00fcnter Gartler<\/p>\n<p>Kontoverbindung: Name: Steirischer Squash Rackets Verband; IBAN: AT71 3843 9000 0519 1127; BIC: RZSTAT2G439 Bank: Raiffeisenbank Graz-Stra\u00dfgang<\/p>\n<h4>Inhaltlich Verantwortlicher f\u00fcr den Internetauftritt:<\/h4>\n<p>&#8212;<\/p>\n<h4>Haftungshinweis:<\/h4>\n<p align=\"justify\">Trotz sorgf\u00e4ltiger inhaltlicher Kontrolle \u00fcbernehmen wir keine Haftung f\u00fcr die Inhalte externer Links. F\u00fcr den Inhalt der verlinkten Seiten sind ausschlie\u00dflich deren Betreiber verantwortlich. Die ver\u00f6ffentlichten Links wurden mit gr\u00f6\u00dftm\u00f6glicher Sorgfalt recherchiert und zusammengestellt. Der Seitenbetreiber hat keinen Einflu\u00df auf die aktuelle und zuk\u00fcnftige Gestaltung und die Inhalte der verlinkten Seiten. Der Seitenbetreiber ist nicht f\u00fcr den Inhalt der verkn\u00fcpften Seiten verantwortlich und macht sich den Inhalt nicht zu Eigen. F\u00fcr illegale, fehlerhafte oder unvollst\u00e4ndige Inhalte sowie f\u00fcr Sch\u00e4den, die durch die Nutzung oder Nichtnutzung der Informationen entstehen, haftet allein der Anbieter der Website, auf die verwiesen wurde. Die Haftung desjenigen, der nur durch einen Link auf die Ver\u00f6ffentlichung hinweist, ist ausgeschlossen. F\u00fcr fremde Hinweise ist der Seitenbetreiber nur dann verantwortlich, wenn er von ihnen, also auch von einem eventuellen rechtswidrigen oder strafbaren Inhalt, positive Kenntnis hat und es technisch m\u00f6glich und zumutbar ist, deren Nutzung zu verhindern.<\/p>\n<p align=\"justify\">Die Seiten auf die verlinkt wird, wurden gepr\u00fcft. Sollten Sie durch die Verweise auf nicht themengerechte Internetseiten gelangen, ersuchen wir um umgehende Information, um dies beheben zu k\u00f6nnen.<\/p>\n","protected":false},"excerpt":{"rendered":"<p>StSRV &#8211; Impressum \/ Kontakt ZVR: 863571938 Postanschrift: stsrv@gmx.at Pr\u00e4sidentin:\u00a0Mag. Birgit Seiner,\u00a0E-Mail: Birgit Seiner Kassier: DI. Georg Winkler Schriftf\u00fchrerin: Dr. Ines Winkler Schiedsgericht: Dr. Christian Wolf, Peter Stoisser und Mag. Uwe Lackner Kassapr\u00fcfer: Ren\u00e9 Kramer,\u00a0 Dr. Mag. G\u00fcnter Gartler Kontoverbindung: &hellip;<\/p>\n<p class=\"read-more\"> <a class=\"more-link\" href=\"https:\/\/www.squash-steiermark.org\/?page_id=416\"> <span class=\"screen-reader-text\">Impressum<\/span> Read More &raquo;<\/a><\/p>\n","protected":false},"author":1,"featured_media":0,"parent":0,"menu_order":6,"comment_status":"closed","ping_status":"open","template":"","meta":[],"_links":{"self":[{"href":"https:\/\/www.squash-steiermark.org\/index.php?rest_route=\/wp\/v2\/pages\/416"}],"collection":[{"href":"https:\/\/www.squash-steiermark.org\/index.php?rest_route=\/wp\/v2\/pages"}],"about":[{"href":"https:\/\/www.squash-steiermark.org\/index.php?rest_route=\/wp\/v2\/types\/page"}],"author":[{"embeddable":true,"href":"https:\/\/www.squash-steiermark.org\/index.php?rest_route=\/wp\/v2\/users\/1"}],"replies":[{"embeddable":true,"href":"https:\/\/www.squash-steiermark.org\/index.php?rest_route=%2Fwp%2Fv2%2Fcomments&post=416"}],"version-history":[{"count":16,"href":"https:\/\/www.squash-steiermark.org\/index.php?rest_route=\/wp\/v2\/pages\/416\/revisions"}],"predecessor-version":[{"id":8677,"href":"https:\/\/www.squash-steiermark.org\/index.php?rest_route=\/wp\/v2\/pages\/416\/revisions\/8677"}],"wp:attachment":[{"href":"https:\/\/www.squash-steiermark.org\/index.php?rest_route=%2Fwp%2Fv2%2Fmedia&parent=416"}],"curies":[{"name":"wp","href":"https:\/\/api.w.org\/{rel}","templated":true}]}}