{"id":29,"date":"2013-06-16T19:23:16","date_gmt":"2013-06-16T19:23:16","guid":{"rendered":"http:\/\/squash-steiermark.org\/?page_id=29"},"modified":"2013-06-16T19:28:41","modified_gmt":"2013-06-16T19:28:41","slug":"ausrustung","status":"publish","type":"page","link":"https:\/\/www.squash-steiermark.org\/?page_id=29","title":{"rendered":"Ausr\u00fcstung"},"content":{"rendered":"<p>Squash ist eine Sportart, die rasch und einfach zu erlernen ist. Dar\u00fcber hinaus kann man Squash bereits mit einer kosteng\u00fcnstigen Ausr\u00fcstung betreiben.<\/p>\n<p><a href=\"https:\/\/www.squash-steiermark.org\/wp-content\/uploads\/2013\/06\/schlaeger.gif\"><img loading=\"lazy\" class=\"size-full wp-image-30 alignleft\" style=\"border: 0px; margin: 10px;\" alt=\"schlaeger\" src=\"https:\/\/www.squash-steiermark.org\/wp-content\/uploads\/2013\/06\/schlaeger.gif\" width=\"270\" height=\"244\" \/><\/a><\/p>\n<p>Dazu geh\u00f6rt zu allererst ein\u00a0<strong>Squashschl\u00e4ger.<\/strong>\u00a0Diese gibt es in verschiedenen Materialien, Gr\u00f6\u00dfen und Gewichten. Ein \u00fcblicher Standardschl\u00e4ger besteht aus einem Graphit-Gemisch und hat ein Gewicht von ca. 160g bis 180g. Die Produzenten von Squashrackets bringen jedes Jahr neue Entwicklungen, meist an den Neuerungen bei den Tennisschl\u00e4gern orientiert, heraus und versuchen laufend, die Schl\u00e4ger zu optimieren. Hochwertige Rackets haben teilweise nur mehr ein Gewicht von 110g. Neben dem Gewicht ist aber auch die Gewichtsverteilung ein wichtiger Aspekt: ein Schl\u00e4ger, bei dem der Schwerpunkt zum Schl\u00e4gerkopf hin verlagert ist, ist anders zu spielen als ein Schl\u00e4ger mit ausgewogener Gewichtsverteilung.<\/p>\n<p>&nbsp;<\/p>\n<p><a href=\"https:\/\/www.squash-steiermark.org\/wp-content\/uploads\/2013\/06\/153558096_-dunlop-pro-double-yellow-dot-squash-balls-1-dozen-.jpg\"><img loading=\"lazy\" class=\"size-medium wp-image-31 alignright\" style=\"margin: 10px;\" alt=\"153558096_-dunlop-pro-double-yellow-dot-squash-balls-1-dozen-\" src=\"https:\/\/www.squash-steiermark.org\/wp-content\/uploads\/2013\/06\/153558096_-dunlop-pro-double-yellow-dot-squash-balls-1-dozen--300x300.jpg\" width=\"300\" height=\"300\" srcset=\"https:\/\/www.squash-steiermark.org\/wp-content\/uploads\/2013\/06\/153558096_-dunlop-pro-double-yellow-dot-squash-balls-1-dozen-.jpg 300w, https:\/\/www.squash-steiermark.org\/wp-content\/uploads\/2013\/06\/153558096_-dunlop-pro-double-yellow-dot-squash-balls-1-dozen--150x150.jpg 150w\" sizes=\"(max-width: 300px) 100vw, 300px\" \/><\/a><\/p>\n<p>Neben dem Squashschl\u00e4ger wird ein spezieller\u00a0<strong>Squashball<\/strong>\u00a0ben\u00f6tigt. Auch hier gibt es, den Spielst\u00e4rken<br \/>\nder Spieler entsprechend, verschiedene B\u00e4lle, die durch unterschiedliche Farben und farbige Punkte gekennzeichnet sind. Grunds\u00e4tzlich bestehen Squashb\u00e4lle aus einer Gummimischung und sind hohl. Im Hohlraum ist eine geringe Menge einer Fl\u00fcssigkeit. Durch das Schlagen mit dem Squashschl\u00e4ger wird der Ball warm und springt immer besser, je w\u00e4rmer er wird.<br \/>\nAnf\u00e4nger sollten mit einem blauen Ball beginnen. Dieser hat eine h\u00e4rtere Gummimischung und springt daher von vornherein mehr. Dadurch ist es f\u00fcr Anf\u00e4nger einfacher, ein Spiel aufzubauen. Hobbyspieler und Fortgeschrittene sollten einen schwarzen Ball mit einem gelben Punkt verwenden. Die Gummimischung dieses Balles ist weicher und der Ball springt nicht so stark wie ein blauer Squashball. Bei Turnieren und im Profisquash wird ein sehr weicher Ball verwendet, in der Regel ist es ein schwarzer Ball mit zwei gelben Punkten.<\/p>\n<p><img loading=\"lazy\" class=\"alignleft size-medium wp-image-35\" style=\"margin: 10px;\" alt=\"squash-vereinskollektion\" src=\"https:\/\/www.squash-steiermark.org\/wp-content\/uploads\/2013\/06\/squash-vereinskollektion-300x295.png\" width=\"300\" height=\"295\" srcset=\"https:\/\/www.squash-steiermark.org\/wp-content\/uploads\/2013\/06\/squash-vereinskollektion-300x295.png 300w, https:\/\/www.squash-steiermark.org\/wp-content\/uploads\/2013\/06\/squash-vereinskollektion.png 500w\" sizes=\"(max-width: 300px) 100vw, 300px\" \/><\/p>\n<p>Zur Vervollst\u00e4ndigung der Ausr\u00fcstung fehlt nun noch die entsprechende\u00a0<strong>Bekleidung<\/strong>\u00a0&#8211; gute Hallenschuhe, lockere Bekleidung. Bei der Bekleidung ist es wichtig, lockere, saugf\u00e4hige Textilien zu w\u00e4hlen, da man beim Squashen leicht ins Schwitzen kommt und das Leiberl die Feuchtigkeit aufnehmen soll. Die Hose soll entsprechend weit geschnitten sein, um auch gro\u00dfe Ausfallschritte, im Spielverlauf oft n\u00f6tig bei raschem Tempowechsel oder Stop-B\u00e4llen, zu erm\u00f6glichen.<br \/>\nDas wichtigste Bekleidungsst\u00fcck sind die Turnschuhe. Hier muss man unbedingt gute Hallenschuhe verwenden, einerseits um keine Spuren am Parkett zu hinterlassen, andererseits &#8211; und viel wichtiger &#8211; um einen guten Halt im Spiel zu finden. Die Schuhe d\u00fcrfen nicht rutschen und m\u00fcssen rasches Starten und exaktes Stehenbleiben gew\u00e4hrleisten.<br \/>\nSo steht der ersten Squashstunde im Court nichts mehr entgegen!<\/p>\n","protected":false},"excerpt":{"rendered":"<p>Squash ist eine Sportart, die rasch und einfach zu erlernen ist. Dar\u00fcber hinaus kann man Squash bereits mit einer kosteng\u00fcnstigen Ausr\u00fcstung betreiben. Dazu geh\u00f6rt zu allererst ein\u00a0Squashschl\u00e4ger.\u00a0Diese gibt es in verschiedenen Materialien, Gr\u00f6\u00dfen und Gewichten. Ein \u00fcblicher Standardschl\u00e4ger besteht aus &hellip;<\/p>\n<p class=\"read-more\"> <a class=\"more-link\" href=\"https:\/\/www.squash-steiermark.org\/?page_id=29\"> <span class=\"screen-reader-text\">Ausr\u00fcstung<\/span> Read More &raquo;<\/a><\/p>\n","protected":false},"author":1,"featured_media":0,"parent":11,"menu_order":0,"comment_status":"closed","ping_status":"open","template":"full-width-page.php","meta":[],"_links":{"self":[{"href":"https:\/\/www.squash-steiermark.org\/index.php?rest_route=\/wp\/v2\/pages\/29"}],"collection":[{"href":"https:\/\/www.squash-steiermark.org\/index.php?rest_route=\/wp\/v2\/pages"}],"about":[{"href":"https:\/\/www.squash-steiermark.org\/index.php?rest_route=\/wp\/v2\/types\/page"}],"author":[{"embeddable":true,"href":"https:\/\/www.squash-steiermark.org\/index.php?rest_route=\/wp\/v2\/users\/1"}],"replies":[{"embeddable":true,"href":"https:\/\/www.squash-steiermark.org\/index.php?rest_route=%2Fwp%2Fv2%2Fcomments&post=29"}],"version-history":[{"count":5,"href":"https:\/\/www.squash-steiermark.org\/index.php?rest_route=\/wp\/v2\/pages\/29\/revisions"}],"predecessor-version":[{"id":34,"href":"https:\/\/www.squash-steiermark.org\/index.php?rest_route=\/wp\/v2\/pages\/29\/revisions\/34"}],"up":[{"embeddable":true,"href":"https:\/\/www.squash-steiermark.org\/index.php?rest_route=\/wp\/v2\/pages\/11"}],"wp:attachment":[{"href":"https:\/\/www.squash-steiermark.org\/index.php?rest_route=%2Fwp%2Fv2%2Fmedia&parent=29"}],"curies":[{"name":"wp","href":"https:\/\/api.w.org\/{rel}","templated":true}]}}