{"id":26,"date":"2013-06-16T18:30:42","date_gmt":"2013-06-16T18:30:42","guid":{"rendered":"http:\/\/squash-steiermark.org\/?page_id=26"},"modified":"2017-03-13T21:55:39","modified_gmt":"2017-03-13T19:55:39","slug":"court","status":"publish","type":"page","link":"https:\/\/www.squash-steiermark.org\/?page_id=26","title":{"rendered":"Court"},"content":{"rendered":"<p>Der Squashcourt bzw. &#8220;die Squashbox&#8221; ist ein rechteckiger Raum, in dem das Spiel ausgetragen wird. \u00dcblicherweise sind die Frontwand und die Seitenw\u00e4nde eines Courts Betonw\u00e4nde und die R\u00fcckwand ist aus bruchsicherem Glas. Die Betonw\u00e4nde sind mit einem speziellem Material verputzt, das einerseits eine glatte Oberfl\u00e4che gew\u00e4hrleistet und andererseits der Wucht der mit hoher Geschwindigkeit gespielten B\u00e4lle standh\u00e4lt. Dadurch wird sichergestellt, dass sich die B\u00e4lle nicht verspringen und genau gespielt werden k\u00f6nnen.<\/p>\n<p style=\"text-align: center;\"><a href=\"https:\/\/www.squash-steiermark.org\/wp-content\/uploads\/2013\/06\/court.jpg\"><img loading=\"lazy\" class=\"size-medium wp-image-24 aligncenter\" alt=\"squashcourt\" src=\"https:\/\/www.squash-steiermark.org\/wp-content\/uploads\/2013\/06\/court-300x225.jpg\" width=\"300\" height=\"225\" srcset=\"https:\/\/www.squash-steiermark.org\/wp-content\/uploads\/2013\/06\/court-300x225.jpg 300w, https:\/\/www.squash-steiermark.org\/wp-content\/uploads\/2013\/06\/court.jpg 640w\" sizes=\"(max-width: 300px) 100vw, 300px\" \/><\/a><\/p>\n<p style=\"text-align: center;\">\n<p style=\"text-align: left;\">Der Boden eines Squashcourts ist meistens ein Parkettboden, der schwingend verlegt ist, um den Spielern eine gute D\u00e4mpfung zu bieten. Das Parkett wird nicht versiegelt, damit die offenen Poren des Holzes den Spielern eine gute Standfestigkeit garantieren. Zur Pflege des Bodens sollte immer wieder leicht feucht (auf keinen Fall zu nass) aufgewischt werden.<\/p>\n<p>Der Court ist nach oben hin durch die roten, breiten Outlinien begrenzt. Im Gegensatz zu anderen Ballspielen, z.B. Tennis, ist ein Ball der die Linie trifft im Out und somit ein Fehler.<\/p>\n<p style=\"text-align: center;\"><a href=\"https:\/\/www.squash-steiermark.org\/wp-content\/uploads\/2013\/06\/SCourt_masse.jpg\"><img loading=\"lazy\" class=\"size-medium wp-image-25 aligncenter\" alt=\"SCourt_masse\" src=\"https:\/\/www.squash-steiermark.org\/wp-content\/uploads\/2013\/06\/SCourt_masse-300x263.jpg\" width=\"300\" height=\"263\" srcset=\"https:\/\/www.squash-steiermark.org\/wp-content\/uploads\/2013\/06\/SCourt_masse-300x263.jpg 300w, https:\/\/www.squash-steiermark.org\/wp-content\/uploads\/2013\/06\/SCourt_masse.jpg 529w\" sizes=\"(max-width: 300px) 100vw, 300px\" \/><\/a><\/p>\n<p style=\"text-align: left;\">\n<p style=\"text-align: center;\">\n<p style=\"text-align: center;\">\n","protected":false},"excerpt":{"rendered":"<p>Der Squashcourt bzw. &#8220;die Squashbox&#8221; ist ein rechteckiger Raum, in dem das Spiel ausgetragen wird. \u00dcblicherweise sind die Frontwand und die Seitenw\u00e4nde eines Courts Betonw\u00e4nde und die R\u00fcckwand ist aus bruchsicherem Glas. Die Betonw\u00e4nde sind mit einem speziellem Material verputzt, &hellip;<\/p>\n<p class=\"read-more\"> <a class=\"more-link\" href=\"https:\/\/www.squash-steiermark.org\/?page_id=26\"> <span class=\"screen-reader-text\">Court<\/span> Read More &raquo;<\/a><\/p>\n","protected":false},"author":1,"featured_media":0,"parent":11,"menu_order":5,"comment_status":"closed","ping_status":"open","template":"full-width-page.php","meta":[],"_links":{"self":[{"href":"https:\/\/www.squash-steiermark.org\/index.php?rest_route=\/wp\/v2\/pages\/26"}],"collection":[{"href":"https:\/\/www.squash-steiermark.org\/index.php?rest_route=\/wp\/v2\/pages"}],"about":[{"href":"https:\/\/www.squash-steiermark.org\/index.php?rest_route=\/wp\/v2\/types\/page"}],"author":[{"embeddable":true,"href":"https:\/\/www.squash-steiermark.org\/index.php?rest_route=\/wp\/v2\/users\/1"}],"replies":[{"embeddable":true,"href":"https:\/\/www.squash-steiermark.org\/index.php?rest_route=%2Fwp%2Fv2%2Fcomments&post=26"}],"version-history":[{"count":2,"href":"https:\/\/www.squash-steiermark.org\/index.php?rest_route=\/wp\/v2\/pages\/26\/revisions"}],"predecessor-version":[{"id":28,"href":"https:\/\/www.squash-steiermark.org\/index.php?rest_route=\/wp\/v2\/pages\/26\/revisions\/28"}],"up":[{"embeddable":true,"href":"https:\/\/www.squash-steiermark.org\/index.php?rest_route=\/wp\/v2\/pages\/11"}],"wp:attachment":[{"href":"https:\/\/www.squash-steiermark.org\/index.php?rest_route=%2Fwp%2Fv2%2Fmedia&parent=26"}],"curies":[{"name":"wp","href":"https:\/\/api.w.org\/{rel}","templated":true}]}}