{"id":221,"date":"2013-07-04T17:50:50","date_gmt":"2013-07-04T17:50:50","guid":{"rendered":"http:\/\/squash-steiermark.org\/?page_id=221"},"modified":"2014-08-14T09:11:50","modified_gmt":"2014-08-14T08:11:50","slug":"201213-2","status":"publish","type":"page","link":"https:\/\/www.squash-steiermark.org\/?page_id=221","title":{"rendered":"2012\/13"},"content":{"rendered":"<h2>USC2000-E-Steiermark Mannschaftsmeister Landesliga Steiermark!<\/h3>\n<p align=\"justify\">Beim Landesligafinale am 26.04. kam es zu keinen \u00dcberraschungen mehr und die Teams best\u00e4tigten ihre Positionen. In der vorletzten Runde hat es die Mannschaft &#8220;TomsCS Squashteam UWK&#8221; bereits im direkten Duell mit dem &#8220;SC Sunrise Bruck\/Mur&#8221; geschafft, sich durch ein 2:2 den 2. Platz zu sichern. Nach dem Titelgewinn in der letzten Saison war diesmal die Mannschaft &#8220;USC 2000 &#8211; E-Steiermark&#8221; zu stark und holte sich den Sieg in der steirischen Landesliga. Der &#8220;SC Sunrise Bruck\/Mur&#8221; konnte am Finaltag durch 2 Siege gegen &#8220;Squash Club Paradies&#8221; und &#8220;USC2000 Jungs&#8221; punktem\u00e4\u00dfig noch mit den UWKlern gleichziehen, blieb aufgrund des schlechteren Spieleverh\u00e4ltnisses aber am 3. Platz. Den 4. Rang holte sich in seiner ersten Saison der &#8220;Squash Club Paradies&#8221; vor den &#8220;USC2000 M\u00e4dls&#8221;. <a title=\"Landesliga 2013\" href=\"https:\/\/www.squash-steiermark.org\/?page_id=248\">(Tabellenendstand Landesliga 2013)<\/a><\/p>\n<figure id=\"attachment_371\" aria-describedby=\"caption-attachment-371\" style=\"width: 640px\" class=\"wp-caption aligncenter\"><img loading=\"lazy\" src=\"https:\/\/www.squash-steiermark.org\/wp-content\/uploads\/2013\/08\/2012_LM2.jpg\" alt=\"SC Hartberg\" width=\"640\" height=\"480\" class=\"size-full wp-image-371\" srcset=\"https:\/\/www.squash-steiermark.org\/wp-content\/uploads\/2013\/08\/2012_LM2.jpg 640w, https:\/\/www.squash-steiermark.org\/wp-content\/uploads\/2013\/08\/2012_LM2-300x225.jpg 300w\" sizes=\"(max-width: 640px) 100vw, 640px\" \/><figcaption id=\"caption-attachment-371\" class=\"wp-caption-text\">SC Hartberg: Gerhard, Andy, Christian, Bernard, Pr\u00e4s. Manfred Holzer<\/figcaption><\/figure>\n","protected":false},"excerpt":{"rendered":"<p>USC2000-E-Steiermark Mannschaftsmeister Landesliga Steiermark! Beim Landesligafinale am 26.04. kam es zu keinen \u00dcberraschungen mehr und die Teams best\u00e4tigten ihre Positionen. In der vorletzten Runde hat es die Mannschaft &#8220;TomsCS Squashteam UWK&#8221; bereits im direkten Duell mit dem &#8220;SC Sunrise Bruck\/Mur&#8221; &hellip;<\/p>\n<p class=\"read-more\"> <a class=\"more-link\" href=\"https:\/\/www.squash-steiermark.org\/?page_id=221\"> <span class=\"screen-reader-text\">2012\/13<\/span> Read More &raquo;<\/a><\/p>\n","protected":false},"author":1,"featured_media":0,"parent":121,"menu_order":24,"comment_status":"closed","ping_status":"open","template":"","meta":[],"_links":{"self":[{"href":"https:\/\/www.squash-steiermark.org\/index.php?rest_route=\/wp\/v2\/pages\/221"}],"collection":[{"href":"https:\/\/www.squash-steiermark.org\/index.php?rest_route=\/wp\/v2\/pages"}],"about":[{"href":"https:\/\/www.squash-steiermark.org\/index.php?rest_route=\/wp\/v2\/types\/page"}],"author":[{"embeddable":true,"href":"https:\/\/www.squash-steiermark.org\/index.php?rest_route=\/wp\/v2\/users\/1"}],"replies":[{"embeddable":true,"href":"https:\/\/www.squash-steiermark.org\/index.php?rest_route=%2Fwp%2Fv2%2Fcomments&post=221"}],"version-history":[{"count":17,"href":"https:\/\/www.squash-steiermark.org\/index.php?rest_route=\/wp\/v2\/pages\/221\/revisions"}],"predecessor-version":[{"id":770,"href":"https:\/\/www.squash-steiermark.org\/index.php?rest_route=\/wp\/v2\/pages\/221\/revisions\/770"}],"up":[{"embeddable":true,"href":"https:\/\/www.squash-steiermark.org\/index.php?rest_route=\/wp\/v2\/pages\/121"}],"wp:attachment":[{"href":"https:\/\/www.squash-steiermark.org\/index.php?rest_route=%2Fwp%2Fv2%2Fmedia&parent=221"}],"curies":[{"name":"wp","href":"https:\/\/api.w.org\/{rel}","templated":true}]}}