{"id":2095,"date":"2014-08-14T09:29:42","date_gmt":"2014-08-14T08:29:42","guid":{"rendered":"http:\/\/squash-steiermark.org\/?page_id=2095"},"modified":"2014-08-14T09:37:37","modified_gmt":"2014-08-14T08:37:37","slug":"201314-2","status":"publish","type":"page","link":"https:\/\/www.squash-steiermark.org\/?page_id=2095","title":{"rendered":"2013\/14"},"content":{"rendered":"<h3>Sieger Squash 1. Klasse<\/h3>\n<h5>Spannendes Finale bis zum letzten Satz!<\/h5>\n<p style=\"text-align: justify;\">Dramatischer h\u00e4tte das Finale wohl kaum sein k\u00f6nnen. Judenburg und Klagenfurt f\u00fchrten fast das ganze Fr\u00fchjahr die Tabelle an. \u00a0Klagenfurt zauberte in der letzten Runde noch einen neuen Mitspieler, Martin Rupitz, aus dem \u00c4rmel und konnte so die Anreise (nur) zu dritt verhindern. Im ersten Nachtragsspiel \u00fcberzeugten sie gegen die ebenfalls von Ausf\u00e4llen geplagte Mannschaft UWK-Kardamint. Gleich im Anschluss setzten sich die Klagenfurter gegen die Heimmannschaft Squash Paradies mit 3:1 durch. Lediglich Markus Waldner hielt die Fahne am letzten Spieltag gegen die K\u00e4rntner hoch. Danach kam die im Fr\u00fchjahr kontinuierlich st\u00e4rker spielende UWK-Jugend Mannschaft gegen Kardamint dran. Die &#8220;jungen Wilden&#8221; lie\u00dfen nichts mehr anbrennen und setzten sich gegen die ersatzgeschw\u00e4chten &#8220;Kardamints&#8221; glatt mit 4:0 durch. Ein toller Erfolg, der f\u00fcr die Zukunft sehr vielversprechend ist. Im Anschluss noch zwei Nachtragsspiele von Squash Paradies gegen die mit Klagenfurt ex \u00e4quo in F\u00fchrung liegenden Judenburger. Georg Seifter konnte sich, wie schon die ganze Saison, ganz klar durchsetzen. Hei\u00df umk\u00e4mpft war die Partie von Armin F\u00f6ssl, der sich im 5. Satz mit 11:9 durchsetzen konnte. In der letzten Begegnung spielten die Mannen von UWK-Jugend wieder gro\u00df auf und konnten sich gegen Verve mit 4:0 durchsetzen und \u00fcberholten mit zwei Siegen in der letzten Runde noch Kardamint.<\/p>\n<p style=\"text-align: justify;\">An der Tabellenspitze war nahezu jedes Spiel entscheidend und lediglich ein besseres Satzverh\u00e4ltnis was schlussendlich ausschlaggebend f\u00fcr den denkbar knappen Sieg von Klagenfurt.<\/p>\n<p style=\"text-align: justify;\">Hier geht es zur Tabelle: <a title=\"11. Runde - Finale\" href=\"https:\/\/www.squash-steiermark.org\/wp-content\/uploads\/2013\/06\/2013_1K_Runde_11.pdf\">11. Runde<\/a> und hier zur <a title=\"\u00dcbersicht\" href=\"https:\/\/www.squash-steiermark.org\/?page_id=2095#Ergebnisse\">\u00dcbersicht<\/a>.<\/p>\n<p style=\"text-align: justify;\"><a href=\"https:\/\/www.squash-steiermark.org\/wp-content\/uploads\/2014\/03\/20140328_225526.jpg\"><img loading=\"lazy\" class=\"aligncenter size-medium wp-image-1726\" alt=\"20140328_225526\" src=\"https:\/\/www.squash-steiermark.org\/wp-content\/uploads\/2014\/03\/20140328_225526-300x180.jpg\" width=\"300\" height=\"180\" srcset=\"https:\/\/www.squash-steiermark.org\/wp-content\/uploads\/2014\/03\/20140328_225526-300x180.jpg 300w, https:\/\/www.squash-steiermark.org\/wp-content\/uploads\/2014\/03\/20140328_225526-1024x614.jpg 1024w, https:\/\/www.squash-steiermark.org\/wp-content\/uploads\/2014\/03\/20140328_225526-100x60.jpg 100w, https:\/\/www.squash-steiermark.org\/wp-content\/uploads\/2014\/03\/20140328_225526-150x90.jpg 150w, https:\/\/www.squash-steiermark.org\/wp-content\/uploads\/2014\/03\/20140328_225526-200x120.jpg 200w, https:\/\/www.squash-steiermark.org\/wp-content\/uploads\/2014\/03\/20140328_225526-450x270.jpg 450w, https:\/\/www.squash-steiermark.org\/wp-content\/uploads\/2014\/03\/20140328_225526-600x360.jpg 600w, https:\/\/www.squash-steiermark.org\/wp-content\/uploads\/2014\/03\/20140328_225526-900x540.jpg 900w\" sizes=\"(max-width: 300px) 100vw, 300px\" \/><\/a><\/p>\n<address style=\"text-align: center;\">Sieger: Klagenfurt 1 mit Pr\u00e4s. Manfred Holzer<\/address>\n<p style=\"text-align: center;\"><a href=\"https:\/\/www.squash-steiermark.org\/wp-content\/uploads\/2014\/03\/20140328_225405.jpg\"><img loading=\"lazy\" class=\"aligncenter size-medium wp-image-1729\" alt=\"20140328_225405\" src=\"https:\/\/www.squash-steiermark.org\/wp-content\/uploads\/2014\/03\/20140328_225405-300x180.jpg\" width=\"300\" height=\"180\" srcset=\"https:\/\/www.squash-steiermark.org\/wp-content\/uploads\/2014\/03\/20140328_225405-300x180.jpg 300w, https:\/\/www.squash-steiermark.org\/wp-content\/uploads\/2014\/03\/20140328_225405-1024x614.jpg 1024w, https:\/\/www.squash-steiermark.org\/wp-content\/uploads\/2014\/03\/20140328_225405-100x60.jpg 100w, https:\/\/www.squash-steiermark.org\/wp-content\/uploads\/2014\/03\/20140328_225405-150x90.jpg 150w, https:\/\/www.squash-steiermark.org\/wp-content\/uploads\/2014\/03\/20140328_225405-200x120.jpg 200w, https:\/\/www.squash-steiermark.org\/wp-content\/uploads\/2014\/03\/20140328_225405-450x270.jpg 450w, https:\/\/www.squash-steiermark.org\/wp-content\/uploads\/2014\/03\/20140328_225405-600x360.jpg 600w, https:\/\/www.squash-steiermark.org\/wp-content\/uploads\/2014\/03\/20140328_225405-900x540.jpg 900w\" sizes=\"(max-width: 300px) 100vw, 300px\" \/><\/a><\/p>\n<address style=\"text-align: center;\">2. Platz: Judenburg<\/address>\n<h3><a href=\"https:\/\/www.squash-steiermark.org\/wp-content\/uploads\/2014\/03\/20140328_225316.jpg\"><img loading=\"lazy\" class=\"aligncenter\" alt=\"20140328_225316\" src=\"https:\/\/www.squash-steiermark.org\/wp-content\/uploads\/2014\/03\/20140328_225316-300x180.jpg\" width=\"300\" height=\"180\" \/><\/a><\/h3>\n<address style=\"text-align: center;\">3. Platz: Squash Paradies<\/address>\n<ul>\n<li><a href=\"#Ergebnisse\">Ergebnisse<\/a><\/li>\n<li><a href=\"#Mannschaften_1K_2013\">Mannschaften<\/a><\/li>\n<\/ul>\n<p><a name=\"Ergebnisse\"><\/a><\/p>\n<h3>Ergebnisse<\/h3>\n<p><a href=\"#scroll-top\"><em>nach oben<\/em><\/a><\/p>\n<ul>\n<li><a title=\"Ergebnisse\" href=\"https:\/\/www.squash-steiermark.org\/wp-content\/uploads\/2013\/09\/2013_1K_Runde_01.pdf\">Runde 1<\/a><\/li>\n<li><a title=\"Ergebnisse\" href=\"https:\/\/www.squash-steiermark.org\/wp-content\/uploads\/2013\/10\/2013_1K_Runde_03.pdf\">Runde 3<\/a><\/li>\n<li><a title=\"Ergebnisse\" href=\"https:\/\/www.squash-steiermark.org\/wp-content\/uploads\/2013\/11\/Erg_1K2013_4Runde.pdf\">Runde 4<\/a><\/li>\n<li><a title=\"Ergebnisse\" href=\"https:\/\/www.squash-steiermark.org\/wp-content\/uploads\/2013\/11\/2013_1K_Runde_05_Kor.pdf\">Runde 5<\/a><\/li>\n<li><a title=\"Ergebnisse\" href=\"https:\/\/www.squash-steiermark.org\/wp-content\/uploads\/2013\/11\/2013_1K_Runde_02.pdf\">Runde 2 <\/a><span style=\"color: red;\">Nachtrag 29.11.2013<\/span><\/li>\n<li><a title=\"Ergebnisse\" href=\"https:\/\/www.squash-steiermark.org\/wp-content\/uploads\/2013\/12\/2013_1K_Runde_06.pdf\">Runde 6<\/a><\/li>\n<li><a title=\"Ergebnisse \/ Tabelle\" href=\"https:\/\/www.squash-steiermark.org\/wp-content\/uploads\/2013\/06\/2013_1K_Runde_7.pdf\">Runde 7<\/a><\/li>\n<li><a title=\"Ergebnisse \/ Tabelle\" href=\"https:\/\/www.squash-steiermark.org\/wp-content\/uploads\/2014\/02\/2013_1K_Runde_8.pdf\">Runde 8<\/a><\/li>\n<li><a href=\"https:\/\/www.squash-steiermark.org\/wp-content\/uploads\/2014\/03\/2013_1K_Runde_9.pdf\" title=\"Ergebnisse \/ Tabelle\">Runde 9<\/a><\/li>\n<li><a href=\"https:\/\/www.squash-steiermark.org\/wp-content\/uploads\/2013\/06\/2013_1K_Runde_10.pdf\" title=\"Ergebnisse \/ Tabelle\">Runde 10<\/a><\/li>\n<li><a href=\"https:\/\/www.squash-steiermark.org\/wp-content\/uploads\/2013\/06\/2013_1K_Runde_09_Nt.pdf\" title=\"Ergebnisse \/ Tabelle\">Runde 9 Nachtrag<\/a><\/li>\n<li><a href=\"https:\/\/www.squash-steiermark.org\/wp-content\/uploads\/2013\/06\/2013_1K_Runde_11.pdf\" title=\"Ergebnisse \/ Tabelle\">Runde 11<\/a><\/li>\n<\/ul>\n<p>Bei eventuellen Unrichtigkeiten bitte um Verst\u00e4ndigung an den <a href=\"mailto:stsrv@gmx.at\">StSRV<\/a><\/p>\n<p><a name=\"Mannschaften_1K_2013\"><\/a><\/p>\n<h3>Mannschaften 1. Klasse 2013\/14<\/h3>\n<p><a href=\"#scroll-top\"><em>nach oben<\/em><\/a><\/p>\n<ul>\n<li>\n<h4><strong>Klagenfurt 1<\/strong><\/h4>\n<ol>\n<li>Klier Gerald<\/li>\n<li>Heiden Michael<\/li>\n<li>Rupitz Martin<\/li>\n<li>Kriegner Michael (MF)<\/li>\n<li>Kogler Stefan<\/li>\n<li>Barth Christian<\/li>\n<li>Petry Martin<\/li>\n<li>Jellen Christoph<\/li>\n<\/ol>\n<\/li>\n<li>\n<h4><strong>USI<\/strong><\/h4>\n<ol>\n<li>Welz Gerhard<\/li>\n<li>Ziegelmeyer J\u00f6rg<\/li>\n<li>Wurzer Christian<\/li>\n<li>Siegl Bernhard<\/li>\n<li>Holzknecht Lukas<\/li>\n<li>Meister Karl<\/li>\n<li>Hoflehner Michael<\/li>\n<li>Zottler Martin (MF)<\/li>\n<li>Boisits Anna<\/li>\n<li>Lukas Robert<\/li>\n<li>Melek Brigitte<\/li>\n<\/ol>\n<\/li>\n<li>\n<h4><strong>Club Squash Paradies<\/strong><\/h4>\n<ol>\n<li>Holzapfel Robert<\/li>\n<li>Waldner Markus<\/li>\n<li>F\u00f6ssl Armin<\/li>\n<li>Tieber Roman<\/li>\n<li>Sanklecha Pranay<\/li>\n<li>Kapun Johann (MF)<\/li>\n<\/ol>\n<\/li>\n<li>\n<h4><strong>UWK Verve<\/strong><\/h4>\n<ol>\n<li>Horvat Boris (MF)<\/li>\n<li>Angerer Bernd<\/li>\n<li>Werner Miklos<\/li>\n<li>Hulla Helfried<\/li>\n<li>Eibisberger Kurt<\/li>\n<li>Hinterdorfer Martin<\/li>\n<li>Ruhri Franz<\/li>\n<\/ol>\n<\/li>\n<li>\n<h4><strong>RSA Judenburg<\/strong><\/h4>\n<ol>\n<li>Moitzi Michael<\/li>\n<li>Mendes James<\/li>\n<li>Amberger Christian (MF)<\/li>\n<li>Seifter Georg<\/li>\n<li>Sommer Gerhard<\/li>\n<li>Steiner Christian<\/li>\n<li>Zechner Christoph<\/li>\n<li>Questl Georg<\/li>\n<li>Csamay Alexander<\/li>\n<\/ol>\n<\/li>\n<li>\n<h4><strong>UWK Kardamint<\/strong><\/h4>\n<ol>\n<li>Schein Christian<\/li>\n<li>Spindler Franz<\/li>\n<li>Duller Stephan (MF)<\/li>\n<li>Kleinb\u00f6ck Roman<\/li>\n<li>Glabonjat Ronald<\/li>\n<li>Weber Christoph<\/li>\n<li>Duller Matthias<\/li>\n<li>Duller Christoph<\/li>\n<li>Pichler Christoph<\/li>\n<\/ol>\n<\/li>\n<li>\n<h4><strong>UWK Jugend<\/strong><\/h4>\n<ol>\n<li>Faschauner Stefan (MF)<\/li>\n<li>Schatz Manuel<\/li>\n<li>Faschaucner Paul<\/li>\n<li>B\u00e4umel Herwig<\/li>\n<li>Koschell Matthias<\/li>\n<li>Sauer Johannes<\/li>\n<li>Mirzaei Hossein<\/li>\n<li>Likawetz Matthias<\/li>\n<\/ol>\n<\/li>\n<\/ul>\n","protected":false},"excerpt":{"rendered":"<p>Sieger Squash 1. Klasse Spannendes Finale bis zum letzten Satz! Dramatischer h\u00e4tte das Finale wohl kaum sein k\u00f6nnen. Judenburg und Klagenfurt f\u00fchrten fast das ganze Fr\u00fchjahr die Tabelle an. \u00a0Klagenfurt zauberte in der letzten Runde noch einen neuen Mitspieler, Martin &hellip;<\/p>\n<p class=\"read-more\"> <a class=\"more-link\" href=\"https:\/\/www.squash-steiermark.org\/?page_id=2095\"> <span class=\"screen-reader-text\">2013\/14<\/span> Read More &raquo;<\/a><\/p>\n","protected":false},"author":1,"featured_media":0,"parent":123,"menu_order":23,"comment_status":"closed","ping_status":"open","template":"","meta":[],"_links":{"self":[{"href":"https:\/\/www.squash-steiermark.org\/index.php?rest_route=\/wp\/v2\/pages\/2095"}],"collection":[{"href":"https:\/\/www.squash-steiermark.org\/index.php?rest_route=\/wp\/v2\/pages"}],"about":[{"href":"https:\/\/www.squash-steiermark.org\/index.php?rest_route=\/wp\/v2\/types\/page"}],"author":[{"embeddable":true,"href":"https:\/\/www.squash-steiermark.org\/index.php?rest_route=\/wp\/v2\/users\/1"}],"replies":[{"embeddable":true,"href":"https:\/\/www.squash-steiermark.org\/index.php?rest_route=%2Fwp%2Fv2%2Fcomments&post=2095"}],"version-history":[{"count":6,"href":"https:\/\/www.squash-steiermark.org\/index.php?rest_route=\/wp\/v2\/pages\/2095\/revisions"}],"predecessor-version":[{"id":2101,"href":"https:\/\/www.squash-steiermark.org\/index.php?rest_route=\/wp\/v2\/pages\/2095\/revisions\/2101"}],"up":[{"embeddable":true,"href":"https:\/\/www.squash-steiermark.org\/index.php?rest_route=\/wp\/v2\/pages\/123"}],"wp:attachment":[{"href":"https:\/\/www.squash-steiermark.org\/index.php?rest_route=%2Fwp%2Fv2%2Fmedia&parent=2095"}],"curies":[{"name":"wp","href":"https:\/\/api.w.org\/{rel}","templated":true}]}}