{"id":19,"date":"2013-06-16T18:19:10","date_gmt":"2013-06-16T18:19:10","guid":{"rendered":"http:\/\/squash-steiermark.org\/?page_id=19"},"modified":"2020-08-11T19:05:59","modified_gmt":"2020-08-11T17:05:59","slug":"regeln-kurz","status":"publish","type":"page","link":"https:\/\/www.squash-steiermark.org\/?page_id=19","title":{"rendered":"Regeln kurz"},"content":{"rendered":"<p>Die Kurzfassung der Squashregeln soll allen Spielern helfen, die Grundlagen des Spieles zu verstehen. Alle Spieler sollten \u00fcber die Grundregeln Bescheid wissen (siehe auch:\u00a0<a title=\"Squashregeln lang\" href=\"http:\/\/stsrv.tomscs.at\/regelnlang.htm\">Squashregeln, lang<\/a>).<\/p>\n<h3>Hier die wichtigsten Regeln:<\/h3>\n<p><strong>Die Z\u00e4hlweise\u00a0<\/strong><br \/>\nEin Spiel geht \u00fcber drei Gewinns\u00e4tze. Jeder Satz geht bis elf Punkte, au\u00dfer beim Stand von 10:10. Bei 10-beide muss auf zwei Punkte Unterschied gespielt werden (&#8220;Verl\u00e4ngerung&#8221;). Punkte k\u00f6nnen von beiden Spielern gemacht werden, es z\u00e4hlt jeder Fehler (&#8220;Running Score&#8221;). Wenn der R\u00fcckschl\u00e4ger den Ballwechsel gewinnt, wird er oder sie der Aufschl\u00e4ger.<\/p>\n<p><strong>Das Einspielen\u00a0<\/strong><br \/>\nVor Spielbeginn wird den zwei Spielern 5 Minuten (2 \u00bd Minuten auf jeder Seite) Zeit gegeben, um sich und den Ball auf dem zu spielenden Court warmzuspielen. Nach einem Ballaustausch oder einer Spielunterbrechung spielen die Spieler den Ball wieder warm. Der Ball kann von jedem der Spieler bei Unterbrechungen warm gespielt werden.<\/p>\n<p><strong>Der Aufschlag<\/strong><br \/>\nDas Spiel beginnt mit einem Aufschlag. Der Spieler, der zuerst aufschl\u00e4gt, wird durch Schl\u00e4gerdrehen ermittelt. Danach schl\u00e4gt der Aufschl\u00e4ger solange auf, bis er einen Ballwechsel verliert, dann wird der Gegner zum Aufschl\u00e4ger (bekannt als Aufschlagwechsel). Der Spieler, der den vorhergehenden Satz gewinnt, schl\u00e4gt im n\u00e4chsten Satz zuerst auf. Bei Beginn jeden Satzes und nach jedem Aufschlagwechsel kann der Aufschl\u00e4ger von jedem der beiden Aufschlagvierecke aufschlagen. Nach einem gewonnenen Ballwechsel schl\u00e4gt der Aufschl\u00e4ger vom jeweils anderen Aufschlagviereck auf. Beim Aufschlag steht der Spieler mit wenigstens einem Teil des Fu\u00dfes innerhalb des Aufschlagvierecks auf dem Boden ohne mit demselben Fu\u00df die Begrenzungslinie des Aufschlagvierecks zu ber\u00fchren. Damit ein Aufschlag g\u00fcltig ist, muss er direkt an die Stirnwand oberhalb der Aufschlaglinie und unterhalb der Auslinie treffen und zwar so, dass der Ball beim R\u00fcckprall auf dem Boden im gegnerischen Platzviertel aufspringt, au\u00dfer er wird als Volley angenommen.<\/p>\n<p><strong>G\u00fcltiger R\u00fcckschlag\u00a0<\/strong><br \/>\nEin R\u00fcckschlag ist g\u00fcltig, wenn der Ball, bevor er ein zweites Mal auf dem Boden aufspringt, vom Spieler korrekt zur Stirnwand \u00fcber das Tin und unterhalb der Auslinie geschlagen wird, ohne vorher den Boden zu ber\u00fchren. Der Ball darf dabei die Seitenw\u00e4nde und\/oder die R\u00fcckwand ber\u00fchren, bevor er die Stirnwand erreicht. Ein R\u00fcckschlag ist ung\u00fcltig, wenn er &#8220;DOPPELT&#8221; (wenn er geschlagen wird, nach dem er mehr als einmal auf dem Boden aufgesprungen ist, oder unkorrekt geschlagen wird oder ein Doppelschlag ist), &#8220;TIEF&#8221; (wenn der Ball, nachdem er geschlagen wurde, zuerst auf dem Boden aufspringt, bevor er an die Stirnwand trifft oder ins Tin geht) oder &#8220;AUS&#8221; (wenn der Ball eine Wand auf oder \u00fcber der Auslinie trifft) ist.<\/p>\n<p><strong>Ballwechsel\u00a0<\/strong><br \/>\nNach einem g\u00fcltigen Aufschlag wird der Ball abwechselnd von beiden Spielern geschlagen, bis einer keinen g\u00fcltigen R\u00fcckschlag macht. Ein Ballwechsel besteht aus einem Aufschlag und einer Reihe von g\u00fcltigen R\u00fcckschl\u00e4gen. Ein Spieler gewinnt einen Ballwechsel, wenn es dem Gegner nicht gelingt, einen g\u00fcltigen Aufschlag oder R\u00fcckschlag durchzuf\u00fchren oder der Ball den Gegner trifft (einschlie\u00dflich Schl\u00e4ger oder Bekleidung), bevor der Spieler versucht hat, den Ball zu schlagen, wenn der Gegner der Nicht-Schl\u00e4ger ist.<\/p>\n<p><em>BEACHTE: JEDER SPIELER SOLLTE ZU JEDEM ZEITPUNKT IN EINEM BALLWECHSEL DARAUF VERZICHTEN, DEN BALL ZU SCHLAGEN, FALLS DIE GEFAHR BESTEHT, DEN GEGNER MIT BALL ODER SCHL\u00c4GER ZU TREFFEN. IN SOLCHEN F\u00c4LLEN H\u00c4LT DER SPIELER INNE UND DER BALLWECHSEL WIRD WIEDERHOLT (&#8220;LETBALL&#8221;) ODER DER GEGNER WIRD BESTRAFT.<\/em><\/p>\n<p>Die aktuellen LET\/STROKE Regeln erseht ihr <a href=\"http:\/\/www.squash.or.at\/fileadmin\/content\/2013\/Downloads\/WSF_Squash_Einzel_Regeln_Wachter_Rev4.pdf\">HIER<\/a>.<\/p>\n<p><strong>Verhalten auf dem Court\u00a0<\/strong><br \/>\nBeleidigendes, aggressives oder einsch\u00fcchterndes Benehmen ist im Squash nicht akzeptabel. Dieser Punkt beinhaltet h\u00f6rbare und sichtbare Obsz\u00f6nit\u00e4ten, verbalen und k\u00f6rperlichen Missbrauch, Meinungsverschiedenheit, Missbrauch des Schl\u00e4gers, Courts oder Balles, unn\u00f6tiger K\u00f6rperkontakt, \u00fcberm\u00e4\u00dfige Schlagbewegung, unsportliches Warmspielen, Zeitverz\u00f6gerung, zu sp\u00e4te R\u00fcckkehr auf den Platz, vors\u00e4tzliches oder gef\u00e4hrliches Spiel oder Handlung und Coaching (au\u00dfer in den Satzpausen).<\/p>\n","protected":false},"excerpt":{"rendered":"<p>Die Kurzfassung der Squashregeln soll allen Spielern helfen, die Grundlagen des Spieles zu verstehen. Alle Spieler sollten \u00fcber die Grundregeln Bescheid wissen (siehe auch:\u00a0Squashregeln, lang). Hier die wichtigsten Regeln: Die Z\u00e4hlweise\u00a0 Ein Spiel geht \u00fcber drei Gewinns\u00e4tze. Jeder Satz geht &hellip;<\/p>\n<p class=\"read-more\"> <a class=\"more-link\" href=\"https:\/\/www.squash-steiermark.org\/?page_id=19\"> <span class=\"screen-reader-text\">Regeln kurz<\/span> Read More &raquo;<\/a><\/p>\n","protected":false},"author":1,"featured_media":0,"parent":7,"menu_order":0,"comment_status":"closed","ping_status":"open","template":"full-width-page.php","meta":[],"_links":{"self":[{"href":"https:\/\/www.squash-steiermark.org\/index.php?rest_route=\/wp\/v2\/pages\/19"}],"collection":[{"href":"https:\/\/www.squash-steiermark.org\/index.php?rest_route=\/wp\/v2\/pages"}],"about":[{"href":"https:\/\/www.squash-steiermark.org\/index.php?rest_route=\/wp\/v2\/types\/page"}],"author":[{"embeddable":true,"href":"https:\/\/www.squash-steiermark.org\/index.php?rest_route=\/wp\/v2\/users\/1"}],"replies":[{"embeddable":true,"href":"https:\/\/www.squash-steiermark.org\/index.php?rest_route=%2Fwp%2Fv2%2Fcomments&post=19"}],"version-history":[{"count":5,"href":"https:\/\/www.squash-steiermark.org\/index.php?rest_route=\/wp\/v2\/pages\/19\/revisions"}],"predecessor-version":[{"id":6783,"href":"https:\/\/www.squash-steiermark.org\/index.php?rest_route=\/wp\/v2\/pages\/19\/revisions\/6783"}],"up":[{"embeddable":true,"href":"https:\/\/www.squash-steiermark.org\/index.php?rest_route=\/wp\/v2\/pages\/7"}],"wp:attachment":[{"href":"https:\/\/www.squash-steiermark.org\/index.php?rest_route=%2Fwp%2Fv2%2Fmedia&parent=19"}],"curies":[{"name":"wp","href":"https:\/\/api.w.org\/{rel}","templated":true}]}}